{"id":2291,"date":"2024-12-13T17:12:03","date_gmt":"2024-12-13T22:12:03","guid":{"rendered":"https:\/\/lionev.com\/?page_id=2291"},"modified":"2025-09-16T08:46:15","modified_gmt":"2025-09-16T13:46:15","slug":"industry-resources","status":"publish","type":"page","link":"https:\/\/thelionelectric.com\/fr\/industry-resources\/","title":{"rendered":"Ressources de l'industrie"},"content":{"rendered":"<div data-elementor-type=\"wp-page\" data-elementor-id=\"2291\" class=\"elementor elementor-2291\" data-elementor-post-type=\"page\">\n\t\t\t\t<div class=\"elementor-element elementor-element-18a007a e-con-full e-flex e-con e-parent\" data-id=\"18a007a\" data-element_type=\"container\" data-e-type=\"container\" data-settings=\"{&quot;background_background&quot;:&quot;classic&quot;}\">\n\t\t\t\t<div class=\"elementor-element elementor-element-58893fe elementor-widget elementor-widget-heading\" data-id=\"58893fe\" data-element_type=\"widget\" data-e-type=\"widget\" data-widget_type=\"heading.default\">\n\t\t\t\t<div class=\"elementor-widget-container\">\n\t\t\t\t\t<h1 class=\"elementor-heading-title elementor-size-default\">Ressources de l'industrie<\/h1>\t\t\t\t<\/div>\n\t\t\t\t<\/div>\n\t\t\t\t<\/div>\n\t\t<div class=\"elementor-element elementor-element-6246f08 e-con-full e-flex e-con e-parent\" data-id=\"6246f08\" data-element_type=\"container\" data-e-type=\"container\">\n\t\t<div class=\"elementor-element elementor-element-92e43a0 e-con-full e-flex e-con e-child\" data-id=\"92e43a0\" data-element_type=\"container\" data-e-type=\"container\">\n\t\t<div class=\"elementor-element elementor-element-1b2fd2d e-con-full e-flex e-con e-child\" data-id=\"1b2fd2d\" data-element_type=\"container\" data-e-type=\"container\">\n\t\t<div class=\"elementor-element elementor-element-e7e1503 e-con-full e-flex e-con e-child\" data-id=\"e7e1503\" data-element_type=\"container\" data-e-type=\"container\">\n\t\t\t\t<div class=\"elementor-element elementor-element-40e4957 elementor-widget__width-initial elementor-widget elementor-widget-image\" data-id=\"40e4957\" data-element_type=\"widget\" data-e-type=\"widget\" data-widget_type=\"image.default\">\n\t\t\t\t<div class=\"elementor-widget-container\">\n\t\t\t\t\t\t\t\t\t\t\t\t\t\t\t<img fetchpriority=\"high\" decoding=\"async\" width=\"800\" height=\"522\" src=\"https:\/\/thelionelectric.com\/wp-content\/uploads\/2024\/12\/2024-Thumb-GuiPrat7-facteurs-critiques-Autobus-400X261.jpg\" class=\"attachment-large size-large wp-image-2401\" alt=\"\" srcset=\"https:\/\/thelionelectric.com\/wp-content\/uploads\/2024\/12\/2024-Thumb-GuiPrat7-facteurs-critiques-Autobus-400X261.jpg 800w, https:\/\/thelionelectric.com\/wp-content\/uploads\/2024\/12\/2024-Thumb-GuiPrat7-facteurs-critiques-Autobus-400X261-300x196.jpg 300w, https:\/\/thelionelectric.com\/wp-content\/uploads\/2024\/12\/2024-Thumb-GuiPrat7-facteurs-critiques-Autobus-400X261-768x501.jpg 768w, https:\/\/thelionelectric.com\/wp-content\/uploads\/2024\/12\/2024-Thumb-GuiPrat7-facteurs-critiques-Autobus-400X261-18x12.jpg 18w\" sizes=\"(max-width: 800px) 100vw, 800px\" \/>\t\t\t\t\t\t\t\t\t\t\t\t\t\t\t<\/div>\n\t\t\t\t<\/div>\n\t\t\t\t<\/div>\n\t\t<div class=\"elementor-element elementor-element-6d62579 e-con-full e-flex e-con e-child\" data-id=\"6d62579\" data-element_type=\"container\" data-e-type=\"container\">\n\t\t\t\t<div class=\"elementor-element elementor-element-9a55fb6 e-transform elementor-widget__width-inherit elementor-widget elementor-widget-text-editor\" data-id=\"9a55fb6\" data-element_type=\"widget\" data-e-type=\"widget\" data-settings=\"{&quot;_transform_scale_effect_hover&quot;:{&quot;unit&quot;:&quot;px&quot;,&quot;size&quot;:1.05,&quot;sizes&quot;:[]},&quot;_transform_scale_effect_hover_tablet&quot;:{&quot;unit&quot;:&quot;px&quot;,&quot;size&quot;:&quot;&quot;,&quot;sizes&quot;:[]},&quot;_transform_scale_effect_hover_mobile&quot;:{&quot;unit&quot;:&quot;px&quot;,&quot;size&quot;:&quot;&quot;,&quot;sizes&quot;:[]}}\" data-widget_type=\"text-editor.default\">\n\t\t\t\t<div class=\"elementor-widget-container\">\n\t\t\t\t\t\t\t\t\t<p><span style=\"color: #4164ff;\"><a style=\"color: #4164ff;\" href=\"https:\/\/thelionelectric.com\/wp-content\/uploads\/2024\/12\/OP-7-facteurs-critiques-Autobus-20240925.pdf\" target=\"_blank\" rel=\"noopener\">7 facteurs critiques pour devenir un conducteur de changement &#8211; Autobus<\/a><\/span><\/p>\t\t\t\t\t\t\t\t<\/div>\n\t\t\t\t<\/div>\n\t\t\t\t<\/div>\n\t\t\t\t<\/div>\n\t\t<div class=\"elementor-element elementor-element-a01d081 e-con-full e-flex e-con e-child\" data-id=\"a01d081\" data-element_type=\"container\" data-e-type=\"container\">\n\t\t<div class=\"elementor-element elementor-element-fa07020 e-con-full e-flex e-con e-child\" data-id=\"fa07020\" data-element_type=\"container\" data-e-type=\"container\">\n\t\t\t\t<div class=\"elementor-element elementor-element-9b1cbd8 elementor-widget elementor-widget-image\" data-id=\"9b1cbd8\" data-element_type=\"widget\" data-e-type=\"widget\" data-widget_type=\"image.default\">\n\t\t\t\t<div class=\"elementor-widget-container\">\n\t\t\t\t\t\t\t\t\t\t\t\t\t\t\t<img decoding=\"async\" width=\"400\" height=\"261\" src=\"https:\/\/thelionelectric.com\/wp-content\/uploads\/2024\/12\/2024-Thumb-GuiPrat-Comprendre-les-options-de-recharge-400X261.png\" class=\"attachment-large size-large wp-image-2398\" alt=\"\" srcset=\"https:\/\/thelionelectric.com\/wp-content\/uploads\/2024\/12\/2024-Thumb-GuiPrat-Comprendre-les-options-de-recharge-400X261.png 400w, https:\/\/thelionelectric.com\/wp-content\/uploads\/2024\/12\/2024-Thumb-GuiPrat-Comprendre-les-options-de-recharge-400X261-300x196.png 300w, https:\/\/thelionelectric.com\/wp-content\/uploads\/2024\/12\/2024-Thumb-GuiPrat-Comprendre-les-options-de-recharge-400X261-18x12.png 18w\" sizes=\"(max-width: 400px) 100vw, 400px\" \/>\t\t\t\t\t\t\t\t\t\t\t\t\t\t\t<\/div>\n\t\t\t\t<\/div>\n\t\t\t\t<\/div>\n\t\t<div class=\"elementor-element elementor-element-5497006 e-con-full e-flex e-con e-child\" data-id=\"5497006\" data-element_type=\"container\" data-e-type=\"container\">\n\t\t\t\t<div class=\"elementor-element elementor-element-188a21a e-transform elementor-widget__width-inherit elementor-widget elementor-widget-text-editor\" data-id=\"188a21a\" data-element_type=\"widget\" data-e-type=\"widget\" data-settings=\"{&quot;_transform_scale_effect_hover&quot;:{&quot;unit&quot;:&quot;px&quot;,&quot;size&quot;:1.05,&quot;sizes&quot;:[]},&quot;_transform_scale_effect_hover_tablet&quot;:{&quot;unit&quot;:&quot;px&quot;,&quot;size&quot;:&quot;&quot;,&quot;sizes&quot;:[]},&quot;_transform_scale_effect_hover_mobile&quot;:{&quot;unit&quot;:&quot;px&quot;,&quot;size&quot;:&quot;&quot;,&quot;sizes&quot;:[]}}\" data-widget_type=\"text-editor.default\">\n\t\t\t\t<div class=\"elementor-widget-container\">\n\t\t\t\t\t\t\t\t\t<p><span style=\"color: #4164ff;\"><a style=\"color: #4164ff;\" href=\"https:\/\/thelionelectric.com\/wp-content\/uploads\/2024\/12\/GuidePratique_OptionsDeRecharge_202403.pdf\" target=\"_blank\" rel=\"noopener\">Comprendre les options de recharge pour les v\u00e9hicules \u00e9lectriques lourds<\/a><\/span><\/p>\t\t\t\t\t\t\t\t<\/div>\n\t\t\t\t<\/div>\n\t\t\t\t<\/div>\n\t\t\t\t<\/div>\n\t\t<div class=\"elementor-element elementor-element-c99a437 e-con-full e-flex e-con e-child\" data-id=\"c99a437\" data-element_type=\"container\" data-e-type=\"container\">\n\t\t<div class=\"elementor-element elementor-element-75b7eba e-con-full e-flex e-con e-child\" data-id=\"75b7eba\" data-element_type=\"container\" data-e-type=\"container\">\n\t\t\t\t<div class=\"elementor-element elementor-element-00391d7 elementor-widget elementor-widget-image\" data-id=\"00391d7\" data-element_type=\"widget\" data-e-type=\"widget\" data-widget_type=\"image.default\">\n\t\t\t\t<div class=\"elementor-widget-container\">\n\t\t\t\t\t\t\t\t\t\t\t\t\t\t\t<img decoding=\"async\" width=\"400\" height=\"261\" src=\"https:\/\/thelionelectric.com\/wp-content\/uploads\/2024\/12\/2024-Thumb-GuiPrat-Planifier-electrification-flotte-Autobus-400X261.png\" class=\"attachment-large size-large wp-image-2399\" alt=\"\" srcset=\"https:\/\/thelionelectric.com\/wp-content\/uploads\/2024\/12\/2024-Thumb-GuiPrat-Planifier-electrification-flotte-Autobus-400X261.png 400w, https:\/\/thelionelectric.com\/wp-content\/uploads\/2024\/12\/2024-Thumb-GuiPrat-Planifier-electrification-flotte-Autobus-400X261-300x196.png 300w, https:\/\/thelionelectric.com\/wp-content\/uploads\/2024\/12\/2024-Thumb-GuiPrat-Planifier-electrification-flotte-Autobus-400X261-18x12.png 18w\" sizes=\"(max-width: 400px) 100vw, 400px\" \/>\t\t\t\t\t\t\t\t\t\t\t\t\t\t\t<\/div>\n\t\t\t\t<\/div>\n\t\t\t\t<\/div>\n\t\t<div class=\"elementor-element elementor-element-a8b93db e-con-full e-flex e-con e-child\" data-id=\"a8b93db\" data-element_type=\"container\" data-e-type=\"container\">\n\t\t\t\t<div class=\"elementor-element elementor-element-2fd2230 e-transform elementor-widget__width-inherit elementor-widget elementor-widget-text-editor\" data-id=\"2fd2230\" data-element_type=\"widget\" data-e-type=\"widget\" data-settings=\"{&quot;_transform_scale_effect_hover&quot;:{&quot;unit&quot;:&quot;px&quot;,&quot;size&quot;:1.05,&quot;sizes&quot;:[]},&quot;_transform_scale_effect_hover_tablet&quot;:{&quot;unit&quot;:&quot;px&quot;,&quot;size&quot;:&quot;&quot;,&quot;sizes&quot;:[]},&quot;_transform_scale_effect_hover_mobile&quot;:{&quot;unit&quot;:&quot;px&quot;,&quot;size&quot;:&quot;&quot;,&quot;sizes&quot;:[]}}\" data-widget_type=\"text-editor.default\">\n\t\t\t\t<div class=\"elementor-widget-container\">\n\t\t\t\t\t\t\t\t\t<p><span style=\"color: #4164ff;\"><a style=\"color: #4164ff;\" href=\"https:\/\/thelionelectric.com\/wp-content\/uploads\/2024\/12\/GuidePratique_PlanificationElectrificationDeFlotte_Autobus_202404.pdf\" target=\"_blank\" rel=\"noopener\">Guide pratique : Comment planifier l&#8217;\u00e9lectrification de votre flotte &#8211; Autobus<\/a><\/span><\/p>\t\t\t\t\t\t\t\t<\/div>\n\t\t\t\t<\/div>\n\t\t\t\t<\/div>\n\t\t\t\t<\/div>\n\t\t<div class=\"elementor-element elementor-element-d8262c9 e-con-full e-flex e-con e-child\" data-id=\"d8262c9\" data-element_type=\"container\" data-e-type=\"container\">\n\t\t<div class=\"elementor-element elementor-element-2e0cdaa e-con-full e-flex e-con e-child\" data-id=\"2e0cdaa\" data-element_type=\"container\" data-e-type=\"container\">\n\t\t\t\t<div class=\"elementor-element elementor-element-772f9b0 elementor-widget elementor-widget-image\" data-id=\"772f9b0\" data-element_type=\"widget\" data-e-type=\"widget\" data-widget_type=\"image.default\">\n\t\t\t\t<div class=\"elementor-widget-container\">\n\t\t\t\t\t\t\t\t\t\t\t\t\t\t\t<img loading=\"lazy\" decoding=\"async\" width=\"400\" height=\"261\" src=\"https:\/\/thelionelectric.com\/wp-content\/uploads\/2024\/12\/2024-Thumb-GuiPrat-Batterie-Lithium-400X261.png\" class=\"attachment-large size-large wp-image-2397\" alt=\"\" srcset=\"https:\/\/thelionelectric.com\/wp-content\/uploads\/2024\/12\/2024-Thumb-GuiPrat-Batterie-Lithium-400X261.png 400w, https:\/\/thelionelectric.com\/wp-content\/uploads\/2024\/12\/2024-Thumb-GuiPrat-Batterie-Lithium-400X261-300x196.png 300w, https:\/\/thelionelectric.com\/wp-content\/uploads\/2024\/12\/2024-Thumb-GuiPrat-Batterie-Lithium-400X261-18x12.png 18w\" sizes=\"(max-width: 400px) 100vw, 400px\" \/>\t\t\t\t\t\t\t\t\t\t\t\t\t\t\t<\/div>\n\t\t\t\t<\/div>\n\t\t\t\t<\/div>\n\t\t<div class=\"elementor-element elementor-element-de85090 e-con-full e-flex e-con e-child\" data-id=\"de85090\" data-element_type=\"container\" data-e-type=\"container\">\n\t\t\t\t<div class=\"elementor-element elementor-element-b88b6e2 e-transform elementor-widget__width-inherit elementor-widget elementor-widget-text-editor\" data-id=\"b88b6e2\" data-element_type=\"widget\" data-e-type=\"widget\" data-settings=\"{&quot;_transform_scale_effect_hover&quot;:{&quot;unit&quot;:&quot;px&quot;,&quot;size&quot;:1.05,&quot;sizes&quot;:[]},&quot;_transform_scale_effect_hover_tablet&quot;:{&quot;unit&quot;:&quot;px&quot;,&quot;size&quot;:&quot;&quot;,&quot;sizes&quot;:[]},&quot;_transform_scale_effect_hover_mobile&quot;:{&quot;unit&quot;:&quot;px&quot;,&quot;size&quot;:&quot;&quot;,&quot;sizes&quot;:[]}}\" data-widget_type=\"text-editor.default\">\n\t\t\t\t<div class=\"elementor-widget-container\">\n\t\t\t\t\t\t\t\t\t<p><span style=\"color: #4164ff;\"><a style=\"color: #4164ff;\" href=\"https:\/\/thelionelectric.com\/wp-content\/uploads\/2024\/12\/202406-GuiPrat-Longue-vie-d-une-batterie-lithium-ion.pdf\" target=\"_blank\" rel=\"noopener\">La longue vie d&#8217;une batterie lithium-ion<\/a><\/span><\/p>\t\t\t\t\t\t\t\t<\/div>\n\t\t\t\t<\/div>\n\t\t\t\t<\/div>\n\t\t\t\t<\/div>\n\t\t<div class=\"elementor-element elementor-element-915a60b e-con-full e-flex e-con e-child\" data-id=\"915a60b\" data-element_type=\"container\" data-e-type=\"container\">\n\t\t<div class=\"elementor-element elementor-element-cc57be5 e-con-full e-flex e-con e-child\" data-id=\"cc57be5\" data-element_type=\"container\" data-e-type=\"container\">\n\t\t\t\t<div class=\"elementor-element elementor-element-4d27d42 elementor-widget elementor-widget-image\" data-id=\"4d27d42\" data-element_type=\"widget\" data-e-type=\"widget\" data-widget_type=\"image.default\">\n\t\t\t\t<div class=\"elementor-widget-container\">\n\t\t\t\t\t\t\t\t\t\t\t\t\t\t\t<img loading=\"lazy\" decoding=\"async\" width=\"400\" height=\"261\" src=\"https:\/\/thelionelectric.com\/wp-content\/uploads\/2024\/12\/2024-Thumb-GuiPrat-6-etapes-faciles-Autobus-400X261.png\" class=\"attachment-large size-large wp-image-2394\" alt=\"\" srcset=\"https:\/\/thelionelectric.com\/wp-content\/uploads\/2024\/12\/2024-Thumb-GuiPrat-6-etapes-faciles-Autobus-400X261.png 400w, https:\/\/thelionelectric.com\/wp-content\/uploads\/2024\/12\/2024-Thumb-GuiPrat-6-etapes-faciles-Autobus-400X261-300x196.png 300w, https:\/\/thelionelectric.com\/wp-content\/uploads\/2024\/12\/2024-Thumb-GuiPrat-6-etapes-faciles-Autobus-400X261-18x12.png 18w\" sizes=\"(max-width: 400px) 100vw, 400px\" \/>\t\t\t\t\t\t\t\t\t\t\t\t\t\t\t<\/div>\n\t\t\t\t<\/div>\n\t\t\t\t<\/div>\n\t\t<div class=\"elementor-element elementor-element-91f0da2 e-con-full e-flex e-con e-child\" data-id=\"91f0da2\" data-element_type=\"container\" data-e-type=\"container\">\n\t\t\t\t<div class=\"elementor-element elementor-element-c9dcfc2 e-transform elementor-widget__width-inherit elementor-widget elementor-widget-text-editor\" data-id=\"c9dcfc2\" data-element_type=\"widget\" data-e-type=\"widget\" data-settings=\"{&quot;_transform_scale_effect_hover&quot;:{&quot;unit&quot;:&quot;px&quot;,&quot;size&quot;:1.05,&quot;sizes&quot;:[]},&quot;_transform_scale_effect_hover_tablet&quot;:{&quot;unit&quot;:&quot;px&quot;,&quot;size&quot;:&quot;&quot;,&quot;sizes&quot;:[]},&quot;_transform_scale_effect_hover_mobile&quot;:{&quot;unit&quot;:&quot;px&quot;,&quot;size&quot;:&quot;&quot;,&quot;sizes&quot;:[]}}\" data-widget_type=\"text-editor.default\">\n\t\t\t\t<div class=\"elementor-widget-container\">\n\t\t\t\t\t\t\t\t\t<p><span style=\"color: #4164ff;\"><a style=\"color: #4164ff;\" href=\"https:\/\/thelionelectric.com\/wp-content\/uploads\/2024\/12\/GuidePratique_6EtapesFacilePourElectrification_Autobus_202404.pdf\" target=\"_blank\" rel=\"noopener\">Guide pratique : Mettre en oeuvre une solution compl\u00e8te d&#8217;infrastructure de recharge en 6 \u00e9tapes faciles &#8211; Autobus<\/a><\/span><\/p>\t\t\t\t\t\t\t\t<\/div>\n\t\t\t\t<\/div>\n\t\t\t\t<\/div>\n\t\t\t\t<\/div>\n\t\t\t\t<\/div>\n\t\t\t\t<\/div>\n\t\t<div class=\"elementor-element elementor-element-50edb03 e-con-full e-flex e-con e-parent\" data-id=\"50edb03\" data-element_type=\"container\" data-e-type=\"container\" data-settings=\"{&quot;background_background&quot;:&quot;classic&quot;}\">\n\t\t\t\t<div class=\"elementor-element elementor-element-c63a300 elementor-widget elementor-widget-heading\" data-id=\"c63a300\" data-element_type=\"widget\" data-e-type=\"widget\" data-widget_type=\"heading.default\">\n\t\t\t\t<div class=\"elementor-widget-container\">\n\t\t\t\t\t<h2 class=\"elementor-heading-title elementor-size-default\">Vous ne trouvez toujours pas ce que vous cherchez?<\/h2>\t\t\t\t<\/div>\n\t\t\t\t<\/div>\n\t\t\t\t<div class=\"elementor-element elementor-element-b7ddb44 elementor-align-center elementor-widget elementor-widget-button\" data-id=\"b7ddb44\" data-element_type=\"widget\" data-e-type=\"widget\" data-widget_type=\"button.default\">\n\t\t\t\t<div class=\"elementor-widget-container\">\n\t\t\t\t\t\t\t\t\t<div class=\"elementor-button-wrapper\">\n\t\t\t\t\t<a class=\"elementor-button elementor-button-link elementor-size-sm elementor-animation-grow\" href=\"https:\/\/thelionelectric.com\/fr\/contact\/\">\n\t\t\t\t\t\t<span class=\"elementor-button-content-wrapper\">\n\t\t\t\t\t\t\t\t\t<span class=\"elementor-button-text\">Contactez-nous<\/span>\n\t\t\t\t\t<\/span>\n\t\t\t\t\t<\/a>\n\t\t\t\t<\/div>\n\t\t\t\t\t\t\t\t<\/div>\n\t\t\t\t<\/div>\n\t\t\t\t<\/div>\n\t\t\t\t<\/div>","protected":false},"excerpt":{"rendered":"<p>Industry Resources 7 facteurs critiques pour devenir un conducteur de changement &#8211; Autobus Comprendre les options de recharge pour les v\u00e9hicules \u00e9lectriques lourds Guide pratique : Comment planifier l&#8217;\u00e9lectrification de votre flotte &#8211; Autobus La longue vie d&#8217;une batterie lithium-ion Guide pratique : Mettre en oeuvre une solution compl\u00e8te d&#8217;infrastructure de recharge en 6 \u00e9tapes [&hellip;]<\/p>\n","protected":false},"author":1,"featured_media":2294,"parent":0,"menu_order":0,"comment_status":"closed","ping_status":"closed","template":"","meta":{"footnotes":""},"class_list":["post-2291","page","type-page","status-publish","has-post-thumbnail","hentry"],"yoast_head":"<!-- This site is optimized with the Yoast SEO plugin v27.4 - https:\/\/yoast.com\/product\/yoast-seo-wordpress\/ -->\n<title>Industry Resources - Lion Electric<\/title>\n<meta name=\"robots\" content=\"index, follow, max-snippet:-1, max-image-preview:large, max-video-preview:-1\" \/>\n<link rel=\"canonical\" href=\"https:\/\/thelionelectric.com\/fr\/industry-resources\/\" \/>\n<meta property=\"og:locale\" content=\"fr_CA\" \/>\n<meta property=\"og:type\" content=\"article\" \/>\n<meta property=\"og:title\" content=\"Industry Resources - Lion Electric\" \/>\n<meta property=\"og:description\" content=\"Industry Resources 7 facteurs critiques pour devenir un conducteur de changement &#8211; Autobus Comprendre les options de recharge pour les v\u00e9hicules \u00e9lectriques lourds Guide pratique : Comment planifier l&#8217;\u00e9lectrification de votre flotte &#8211; Autobus La longue vie d&#8217;une batterie lithium-ion Guide pratique : Mettre en oeuvre une solution compl\u00e8te d&#8217;infrastructure de recharge en 6 \u00e9tapes [&hellip;]\" \/>\n<meta property=\"og:url\" content=\"https:\/\/thelionelectric.com\/fr\/industry-resources\/\" \/>\n<meta property=\"og:site_name\" content=\"Lion Electric\" \/>\n<meta property=\"article:modified_time\" content=\"2025-09-16T13:46:15+00:00\" \/>\n<meta property=\"og:image\" content=\"https:\/\/thelionelectric.com\/wp-content\/uploads\/2024\/12\/AdobeStock_896256258-Large.png\" \/>\n\t<meta property=\"og:image:width\" content=\"1280\" \/>\n\t<meta property=\"og:image:height\" content=\"746\" \/>\n\t<meta property=\"og:image:type\" content=\"image\/png\" \/>\n<meta name=\"twitter:card\" content=\"summary_large_image\" \/>\n<meta name=\"twitter:label1\" content=\"Estimation du temps de lecture\" \/>\n\t<meta name=\"twitter:data1\" content=\"3 minutes\" \/>\n<script type=\"application\/ld+json\" class=\"yoast-schema-graph\">{\"@context\":\"https:\\\/\\\/schema.org\",\"@graph\":[{\"@type\":\"WebPage\",\"@id\":\"https:\\\/\\\/thelionelectric.com\\\/industry-resources\\\/\",\"url\":\"https:\\\/\\\/thelionelectric.com\\\/industry-resources\\\/\",\"name\":\"Industry Resources - Lion Electric\",\"isPartOf\":{\"@id\":\"https:\\\/\\\/thelionelectric.com\\\/#website\"},\"primaryImageOfPage\":{\"@id\":\"https:\\\/\\\/thelionelectric.com\\\/industry-resources\\\/#primaryimage\"},\"image\":{\"@id\":\"https:\\\/\\\/thelionelectric.com\\\/industry-resources\\\/#primaryimage\"},\"thumbnailUrl\":\"https:\\\/\\\/thelionelectric.com\\\/wp-content\\\/uploads\\\/2024\\\/12\\\/AdobeStock_896256258-Large.png\",\"datePublished\":\"2024-12-13T22:12:03+00:00\",\"dateModified\":\"2025-09-16T13:46:15+00:00\",\"breadcrumb\":{\"@id\":\"https:\\\/\\\/thelionelectric.com\\\/industry-resources\\\/#breadcrumb\"},\"inLanguage\":\"fr-CA\",\"potentialAction\":[{\"@type\":\"ReadAction\",\"target\":[\"https:\\\/\\\/thelionelectric.com\\\/industry-resources\\\/\"]}]},{\"@type\":\"ImageObject\",\"inLanguage\":\"fr-CA\",\"@id\":\"https:\\\/\\\/thelionelectric.com\\\/industry-resources\\\/#primaryimage\",\"url\":\"https:\\\/\\\/thelionelectric.com\\\/wp-content\\\/uploads\\\/2024\\\/12\\\/AdobeStock_896256258-Large.png\",\"contentUrl\":\"https:\\\/\\\/thelionelectric.com\\\/wp-content\\\/uploads\\\/2024\\\/12\\\/AdobeStock_896256258-Large.png\",\"width\":1280,\"height\":746},{\"@type\":\"BreadcrumbList\",\"@id\":\"https:\\\/\\\/thelionelectric.com\\\/industry-resources\\\/#breadcrumb\",\"itemListElement\":[{\"@type\":\"ListItem\",\"position\":1,\"name\":\"Home\",\"item\":\"https:\\\/\\\/thelionelectric.com\\\/\"},{\"@type\":\"ListItem\",\"position\":2,\"name\":\"Industry Resources\"}]},{\"@type\":\"WebSite\",\"@id\":\"https:\\\/\\\/thelionelectric.com\\\/#website\",\"url\":\"https:\\\/\\\/thelionelectric.com\\\/\",\"name\":\"Lion Electric\",\"description\":\"The Bright Move\",\"publisher\":{\"@id\":\"https:\\\/\\\/thelionelectric.com\\\/#organization\"},\"potentialAction\":[{\"@type\":\"SearchAction\",\"target\":{\"@type\":\"EntryPoint\",\"urlTemplate\":\"https:\\\/\\\/thelionelectric.com\\\/?s={search_term_string}\"},\"query-input\":{\"@type\":\"PropertyValueSpecification\",\"valueRequired\":true,\"valueName\":\"search_term_string\"}}],\"inLanguage\":\"fr-CA\"},{\"@type\":\"Organization\",\"@id\":\"https:\\\/\\\/thelionelectric.com\\\/#organization\",\"name\":\"Lion Electric\",\"url\":\"https:\\\/\\\/thelionelectric.com\\\/\",\"logo\":{\"@type\":\"ImageObject\",\"inLanguage\":\"fr-CA\",\"@id\":\"https:\\\/\\\/thelionelectric.com\\\/#\\\/schema\\\/logo\\\/image\\\/\",\"url\":\"https:\\\/\\\/thelionelectric.com\\\/wp-content\\\/uploads\\\/2025\\\/07\\\/LION_New_Logo_Horizontal-scaled.png\",\"contentUrl\":\"https:\\\/\\\/thelionelectric.com\\\/wp-content\\\/uploads\\\/2025\\\/07\\\/LION_New_Logo_Horizontal-scaled.png\",\"width\":2560,\"height\":1458,\"caption\":\"Lion Electric\"},\"image\":{\"@id\":\"https:\\\/\\\/thelionelectric.com\\\/#\\\/schema\\\/logo\\\/image\\\/\"}}]}<\/script>\n<!-- \/ Yoast SEO plugin. -->","yoast_head_json":{"title":"Industry Resources - Lion Electric","robots":{"index":"index","follow":"follow","max-snippet":"max-snippet:-1","max-image-preview":"max-image-preview:large","max-video-preview":"max-video-preview:-1"},"canonical":"https:\/\/thelionelectric.com\/fr\/industry-resources\/","og_locale":"fr_CA","og_type":"article","og_title":"Industry Resources - Lion Electric","og_description":"Industry Resources 7 facteurs critiques pour devenir un conducteur de changement &#8211; Autobus Comprendre les options de recharge pour les v\u00e9hicules \u00e9lectriques lourds Guide pratique : Comment planifier l&#8217;\u00e9lectrification de votre flotte &#8211; Autobus La longue vie d&#8217;une batterie lithium-ion Guide pratique : Mettre en oeuvre une solution compl\u00e8te d&#8217;infrastructure de recharge en 6 \u00e9tapes [&hellip;]","og_url":"https:\/\/thelionelectric.com\/fr\/industry-resources\/","og_site_name":"Lion Electric","article_modified_time":"2025-09-16T13:46:15+00:00","og_image":[{"width":1280,"height":746,"url":"https:\/\/thelionelectric.com\/wp-content\/uploads\/2024\/12\/AdobeStock_896256258-Large.png","type":"image\/png"}],"twitter_card":"summary_large_image","twitter_misc":{"Estimation du temps de lecture":"3 minutes"},"schema":{"@context":"https:\/\/schema.org","@graph":[{"@type":"WebPage","@id":"https:\/\/thelionelectric.com\/industry-resources\/","url":"https:\/\/thelionelectric.com\/industry-resources\/","name":"Industry Resources - Lion Electric","isPartOf":{"@id":"https:\/\/thelionelectric.com\/#website"},"primaryImageOfPage":{"@id":"https:\/\/thelionelectric.com\/industry-resources\/#primaryimage"},"image":{"@id":"https:\/\/thelionelectric.com\/industry-resources\/#primaryimage"},"thumbnailUrl":"https:\/\/thelionelectric.com\/wp-content\/uploads\/2024\/12\/AdobeStock_896256258-Large.png","datePublished":"2024-12-13T22:12:03+00:00","dateModified":"2025-09-16T13:46:15+00:00","breadcrumb":{"@id":"https:\/\/thelionelectric.com\/industry-resources\/#breadcrumb"},"inLanguage":"fr-CA","potentialAction":[{"@type":"ReadAction","target":["https:\/\/thelionelectric.com\/industry-resources\/"]}]},{"@type":"ImageObject","inLanguage":"fr-CA","@id":"https:\/\/thelionelectric.com\/industry-resources\/#primaryimage","url":"https:\/\/thelionelectric.com\/wp-content\/uploads\/2024\/12\/AdobeStock_896256258-Large.png","contentUrl":"https:\/\/thelionelectric.com\/wp-content\/uploads\/2024\/12\/AdobeStock_896256258-Large.png","width":1280,"height":746},{"@type":"BreadcrumbList","@id":"https:\/\/thelionelectric.com\/industry-resources\/#breadcrumb","itemListElement":[{"@type":"ListItem","position":1,"name":"Home","item":"https:\/\/thelionelectric.com\/"},{"@type":"ListItem","position":2,"name":"Industry Resources"}]},{"@type":"WebSite","@id":"https:\/\/thelionelectric.com\/#website","url":"https:\/\/thelionelectric.com\/","name":"Lion \u00c9lectrique","description":"The Bright Move","publisher":{"@id":"https:\/\/thelionelectric.com\/#organization"},"potentialAction":[{"@type":"SearchAction","target":{"@type":"EntryPoint","urlTemplate":"https:\/\/thelionelectric.com\/?s={search_term_string}"},"query-input":{"@type":"PropertyValueSpecification","valueRequired":true,"valueName":"search_term_string"}}],"inLanguage":"fr-CA"},{"@type":"Organization","@id":"https:\/\/thelionelectric.com\/#organization","name":"Lion \u00c9lectrique","url":"https:\/\/thelionelectric.com\/","logo":{"@type":"ImageObject","inLanguage":"fr-CA","@id":"https:\/\/thelionelectric.com\/#\/schema\/logo\/image\/","url":"https:\/\/thelionelectric.com\/wp-content\/uploads\/2025\/07\/LION_New_Logo_Horizontal-scaled.png","contentUrl":"https:\/\/thelionelectric.com\/wp-content\/uploads\/2025\/07\/LION_New_Logo_Horizontal-scaled.png","width":2560,"height":1458,"caption":"Lion Electric"},"image":{"@id":"https:\/\/thelionelectric.com\/#\/schema\/logo\/image\/"}}]}},"_links":{"self":[{"href":"https:\/\/thelionelectric.com\/fr\/wp-json\/wp\/v2\/pages\/2291","targetHints":{"allow":["GET"]}}],"collection":[{"href":"https:\/\/thelionelectric.com\/fr\/wp-json\/wp\/v2\/pages"}],"about":[{"href":"https:\/\/thelionelectric.com\/fr\/wp-json\/wp\/v2\/types\/page"}],"author":[{"embeddable":true,"href":"https:\/\/thelionelectric.com\/fr\/wp-json\/wp\/v2\/users\/1"}],"replies":[{"embeddable":true,"href":"https:\/\/thelionelectric.com\/fr\/wp-json\/wp\/v2\/comments?post=2291"}],"version-history":[{"count":34,"href":"https:\/\/thelionelectric.com\/fr\/wp-json\/wp\/v2\/pages\/2291\/revisions"}],"predecessor-version":[{"id":3835,"href":"https:\/\/thelionelectric.com\/fr\/wp-json\/wp\/v2\/pages\/2291\/revisions\/3835"}],"wp:featuredmedia":[{"embeddable":true,"href":"https:\/\/thelionelectric.com\/fr\/wp-json\/wp\/v2\/media\/2294"}],"wp:attachment":[{"href":"https:\/\/thelionelectric.com\/fr\/wp-json\/wp\/v2\/media?parent=2291"}],"curies":[{"name":"wp","href":"https:\/\/api.w.org\/{rel}","templated":true}]}}