{"id":262,"date":"2024-11-20T11:52:02","date_gmt":"2024-11-20T16:52:02","guid":{"rendered":"https:\/\/lionev.com\/?page_id=262"},"modified":"2025-07-07T11:06:35","modified_gmt":"2025-07-07T16:06:35","slug":"liongrants","status":"publish","type":"page","link":"https:\/\/thelionelectric.com\/fr\/liongrants\/","title":{"rendered":"LionSubventions"},"content":{"rendered":"<div data-elementor-type=\"wp-page\" data-elementor-id=\"262\" class=\"elementor elementor-262\" data-elementor-post-type=\"page\">\n\t\t\t\t<div class=\"elementor-element elementor-element-92dfbaa e-con-full e-flex e-con e-parent\" data-id=\"92dfbaa\" data-element_type=\"container\" data-e-type=\"container\" data-settings=\"{&quot;background_background&quot;:&quot;classic&quot;}\">\n\t\t<div class=\"elementor-element elementor-element-5b48501 e-con-full e-flex e-con e-child\" data-id=\"5b48501\" data-element_type=\"container\" data-e-type=\"container\">\n\t\t\t\t<div class=\"elementor-element elementor-element-d7e8563 elementor-widget elementor-widget-image\" data-id=\"d7e8563\" data-element_type=\"widget\" data-e-type=\"widget\" data-widget_type=\"image.default\">\n\t\t\t\t<div class=\"elementor-widget-container\">\n\t\t\t\t\t\t\t\t\t\t\t\t\t\t\t<img fetchpriority=\"high\" decoding=\"async\" width=\"800\" height=\"256\" src=\"https:\/\/thelionelectric.com\/wp-content\/uploads\/2025\/07\/LionSubventions-scaled.png\" class=\"attachment-large size-large wp-image-3446\" alt=\"\" srcset=\"https:\/\/thelionelectric.com\/wp-content\/uploads\/2025\/07\/LionSubventions-scaled.png 2560w, https:\/\/thelionelectric.com\/wp-content\/uploads\/2025\/07\/LionSubventions-300x70.png 300w, https:\/\/thelionelectric.com\/wp-content\/uploads\/2025\/07\/LionSubventions-1024x237.png 1024w, https:\/\/thelionelectric.com\/wp-content\/uploads\/2025\/07\/LionSubventions-768x178.png 768w, https:\/\/thelionelectric.com\/wp-content\/uploads\/2025\/07\/LionSubventions-1536x356.png 1536w, https:\/\/thelionelectric.com\/wp-content\/uploads\/2025\/07\/LionSubventions-2048x475.png 2048w, https:\/\/thelionelectric.com\/wp-content\/uploads\/2025\/07\/LionSubventions-18x4.png 18w\" sizes=\"(max-width: 800px) 100vw, 800px\" \/>\t\t\t\t\t\t\t\t\t\t\t\t\t\t\t<\/div>\n\t\t\t\t<\/div>\n\t\t\t\t<div class=\"elementor-element elementor-element-da352aa elementor-align-center elementor-widget__width-inherit elementor-widget elementor-widget-button\" data-id=\"da352aa\" data-element_type=\"widget\" data-e-type=\"widget\" data-widget_type=\"button.default\">\n\t\t\t\t<div class=\"elementor-widget-container\">\n\t\t\t\t\t\t\t\t\t<div class=\"elementor-button-wrapper\">\n\t\t\t\t\t<a class=\"elementor-button elementor-button-link elementor-size-sm elementor-animation-grow\" href=\"#liongrants%20form\">\n\t\t\t\t\t\t<span class=\"elementor-button-content-wrapper\">\n\t\t\t\t\t\t\t\t\t<span class=\"elementor-button-text\">D\u00e9couvrez les subventions disponibles<\/span>\n\t\t\t\t\t<\/span>\n\t\t\t\t\t<\/a>\n\t\t\t\t<\/div>\n\t\t\t\t\t\t\t\t<\/div>\n\t\t\t\t<\/div>\n\t\t\t\t<\/div>\n\t\t\t\t<\/div>\n\t\t<div class=\"elementor-element elementor-element-752edee e-con-full e-flex e-con e-parent\" data-id=\"752edee\" data-element_type=\"container\" data-e-type=\"container\" data-settings=\"{&quot;background_background&quot;:&quot;classic&quot;}\">\n\t\t\t\t<div class=\"elementor-element elementor-element-0b2de37 elementor-widget elementor-widget-heading\" data-id=\"0b2de37\" data-element_type=\"widget\" data-e-type=\"widget\" data-widget_type=\"heading.default\">\n\t\t\t\t<div class=\"elementor-widget-container\">\n\t\t\t\t\t<h1 class=\"elementor-heading-title elementor-size-default\">Monitorage, r\u00e9daction et maximisation\ndes subventions cl\u00e9s en main.\n<\/h1>\t\t\t\t<\/div>\n\t\t\t\t<\/div>\n\t\t\t\t<\/div>\n\t\t<div class=\"elementor-element elementor-element-95b7af1 e-con-full e-flex e-con e-parent\" data-id=\"95b7af1\" data-element_type=\"container\" data-e-type=\"container\" data-settings=\"{&quot;background_background&quot;:&quot;classic&quot;}\">\n\t\t\t\t<div class=\"elementor-element elementor-element-4fd7219 elementor-widget__width-initial elementor-widget elementor-widget-heading\" data-id=\"4fd7219\" data-element_type=\"widget\" data-e-type=\"widget\" data-widget_type=\"heading.default\">\n\t\t\t\t<div class=\"elementor-widget-container\">\n\t\t\t\t\t<h2 class=\"elementor-heading-title elementor-size-default\">Les sp\u00e9cialistes internes de Lion en mati\u00e8re de subventions sont l\u00e0 pour maximiser votre acc\u00e8s aux subventions \u00e0 l'achat.<\/h2>\t\t\t\t<\/div>\n\t\t\t\t<\/div>\n\t\t\t\t<div class=\"elementor-element elementor-element-9b24608 elementor-widget__width-initial elementor-widget elementor-widget-text-editor\" data-id=\"9b24608\" data-element_type=\"widget\" data-e-type=\"widget\" data-widget_type=\"text-editor.default\">\n\t\t\t\t<div class=\"elementor-widget-container\">\n\t\t\t\t\t\t\t\t\t<p class=\"text text-align-left\">Notre \u00e9quipe est sp\u00e9cialis\u00e9e dans <strong>la simplification du monde complexe des opportunit\u00e9s de financement<\/strong> pour vos initiatives en mati\u00e8re de v\u00e9hicules \u00e9lectriques.<\/p><p class=\"text text-align-left\">Nous naviguons de mani\u00e8re experte dans le paysage complexe des subventions, en identifiant pr\u00e9cis\u00e9ment les programmes auxquels vous \u00eates \u00e9ligibles et <strong>en transformant le processus de candidature, g\u00e9n\u00e9ralement d\u00e9routant, en une exp\u00e9rience claire et simple.<\/strong><\/p><p class=\"text text-align-left\"><strong>Nos solutions cl\u00e9s en main en mati\u00e8re de subventions offrent un soutien complet<\/strong>, allant de la recherche et du suivi initial du programme \u00e0 la r\u00e9daction m\u00e9ticuleuse de la subvention.<\/p>\t\t\t\t\t\t\t\t<\/div>\n\t\t\t\t<\/div>\n\t\t\t\t<div class=\"elementor-element elementor-element-227c535 elementor-widget elementor-widget-button\" data-id=\"227c535\" data-element_type=\"widget\" data-e-type=\"widget\" data-widget_type=\"button.default\">\n\t\t\t\t<div class=\"elementor-widget-container\">\n\t\t\t\t\t\t\t\t\t<div class=\"elementor-button-wrapper\">\n\t\t\t\t\t<a class=\"elementor-button elementor-button-link elementor-size-sm elementor-animation-grow\" href=\"#liongrants%20form\">\n\t\t\t\t\t\t<span class=\"elementor-button-content-wrapper\">\n\t\t\t\t\t\t\t\t\t<span class=\"elementor-button-text\">Contactez un expert LionSubventions<\/span>\n\t\t\t\t\t<\/span>\n\t\t\t\t\t<\/a>\n\t\t\t\t<\/div>\n\t\t\t\t\t\t\t\t<\/div>\n\t\t\t\t<\/div>\n\t\t\t\t<\/div>\n\t\t<div class=\"elementor-element elementor-element-3896268 e-con-full e-flex e-con e-parent\" data-id=\"3896268\" data-element_type=\"container\" data-e-type=\"container\" data-settings=\"{&quot;background_background&quot;:&quot;classic&quot;}\">\n\t\t<div class=\"elementor-element elementor-element-1f3a482 e-con-full e-flex e-con e-child\" data-id=\"1f3a482\" data-element_type=\"container\" data-e-type=\"container\">\n\t\t\t\t<div class=\"elementor-element elementor-element-8e9ac35 elementor-widget elementor-widget-heading\" data-id=\"8e9ac35\" data-element_type=\"widget\" data-e-type=\"widget\" data-widget_type=\"heading.default\">\n\t\t\t\t<div class=\"elementor-widget-container\">\n\t\t\t\t\t<h2 class=\"elementor-heading-title elementor-size-default\">Nous prenons en charge l'ensemble du processus d'acquisition et de r\u00e9daction des subventions.<\/h2>\t\t\t\t<\/div>\n\t\t\t\t<\/div>\n\t\t\t\t<\/div>\n\t\t<div class=\"elementor-element elementor-element-fc4518d e-con-full e-flex e-con e-child\" data-id=\"fc4518d\" data-element_type=\"container\" data-e-type=\"container\">\n\t\t<div class=\"elementor-element elementor-element-065492e e-con-full e-flex e-con e-child\" data-id=\"065492e\" data-element_type=\"container\" data-e-type=\"container\">\n\t\t\t\t<div class=\"elementor-element elementor-element-8ec4c0e elementor-widget elementor-widget-text-editor\" data-id=\"8ec4c0e\" data-element_type=\"widget\" data-e-type=\"widget\" data-widget_type=\"text-editor.default\">\n\t\t\t\t<div class=\"elementor-widget-container\">\n\t\t\t\t\t\t\t\t\t<p>Notre \u00e9quipe charg\u00e9e de l'obtention des subventions commence par une <strong>\u00e9valuation minutieuse de votre \u00e9ligibilit\u00e9 aux subventions<\/strong> afin d'identifier les possibilit\u00e9s de financement les plus appropri\u00e9es.<\/p><p>La pierre angulaire de notre service est <strong>l'expertise en mati\u00e8re de r\u00e9daction de demandes de subvention<\/strong>, o\u00f9 nous \u00e9laborons des demandes personnalis\u00e9es, r\u00e9dig\u00e9es de mani\u00e8re professionnelle et con\u00e7ues pour optimiser vos chances d'obtenir un financement maximal.<\/p><p>Ce soutien de bout en bout <strong>transforme le processus complexe d'acquisition de subventions en une voie strat\u00e9gique vers des avantages financiers.<\/strong><\/p>\t\t\t\t\t\t\t\t<\/div>\n\t\t\t\t<\/div>\n\t\t\t\t<\/div>\n\t\t\t\t<\/div>\n\t\t\t\t<\/div>\n\t\t<div class=\"elementor-element elementor-element-2c65e05 e-con-full e-flex e-con e-parent\" data-id=\"2c65e05\" data-element_type=\"container\" data-e-type=\"container\" data-settings=\"{&quot;background_background&quot;:&quot;classic&quot;}\">\n\t\t\t\t<\/div>\n\t\t<div class=\"elementor-element elementor-element-4eb1942 e-con-full e-flex e-con e-parent\" data-id=\"4eb1942\" data-element_type=\"container\" data-e-type=\"container\" id=\"liongrants form\" data-settings=\"{&quot;background_background&quot;:&quot;classic&quot;}\">\n\t\t\t\t<div class=\"elementor-element elementor-element-06b72e7 elementor-widget-mobile__width-initial elementor-widget elementor-widget-text-editor\" data-id=\"06b72e7\" data-element_type=\"widget\" data-e-type=\"widget\" data-widget_type=\"text-editor.default\">\n\t\t\t\t<div class=\"elementor-widget-container\">\n\t\t\t\t\t\t\t\t\t<p>Contactez un expert LION<span style=\"color: #4164ff;\">Subventions<\/span>.<\/p>\t\t\t\t\t\t\t\t<\/div>\n\t\t\t\t<\/div>\n\t\t\t\t<div class=\"elementor-element elementor-element-a821310 elementor-widget-mobile__width-initial elementor-widget elementor-widget-text-editor\" data-id=\"a821310\" data-element_type=\"widget\" data-e-type=\"widget\" data-widget_type=\"text-editor.default\">\n\t\t\t\t<div class=\"elementor-widget-container\">\n\t\t\t\t\t<style>.elementor-element-a821310{display:none !important}<\/style>\t\t\t\t<\/div>\n\t\t\t\t<\/div>\n\t\t\t\t<div class=\"elementor-element elementor-element-1fbe484 elementor-widget elementor-widget-html\" data-id=\"1fbe484\" data-element_type=\"widget\" data-e-type=\"widget\" data-widget_type=\"html.default\">\n\t\t\t\t<div class=\"elementor-widget-container\">\n\t\t\t\t\t<div data-form-block-id=\"7394d95e-80e8-ef11-9342-6045bd5d36d5\"><\/div> <script src=\"https:\/\/mktdplp102cdn.azureedge.net\/public\/latest\/js\/form-loader.js?v=1.84.2007\"><\/script> <div id=\"dLKc5siBvUR8JHugN9EPrCRZGhYJU8Ci3E-0CnK_HYlk\"><\/div><script src=\"https:\/\/mktdplp102cdn.azureedge.net\/public\/latest\/js\/ws-tracking.js?v=1.84.2007\"><\/script><div class=\"d365-mkt-config\" style=\"display:none\" data-website-id=\"LKc5siBvUR8JHugN9EPrCRZGhYJU8Ci3E-0CnK_HYlk\" data-hostname=\"760d02f01d7e4169bc67cbf5182ebf2b.svc.dynamics.com\"><\/div>\t\t\t\t<\/div>\n\t\t\t\t<\/div>\n\t\t\t\t<div class=\"elementor-element elementor-element-3838ffe elementor-widget elementor-widget-html\" data-id=\"3838ffe\" data-element_type=\"widget\" data-e-type=\"widget\" data-widget_type=\"html.default\">\n\t\t\t\t<div class=\"elementor-widget-container\">\n\t\t\t\t\t<style>.elementor-element-3838ffe{display:none !important}<\/style>\t\t\t\t<\/div>\n\t\t\t\t<\/div>\n\t\t\t\t<\/div>\n\t\t<div class=\"elementor-element elementor-element-ac9e6c8 e-con-full e-flex e-con e-parent\" data-id=\"ac9e6c8\" data-element_type=\"container\" data-e-type=\"container\" data-settings=\"{&quot;background_background&quot;:&quot;classic&quot;}\">\n\t\t\t\t<\/div>\n\t\t\t\t<\/div>","protected":false},"excerpt":{"rendered":"<p>Discover Your Grant Eligibility Turnkey grant monitoring, writing, and maximization. Lion&#8217;s in-house grant specialists are here to maximize your funding opportunities. Our dedicated team specializes in simplifying the complex world of funding opportunities for your electric vehicle initiatives. We expertly navigate the intricate landscape of grants, identifying precisely which programs you&#8217;re eligible for and transforming [&hellip;]<\/p>\n","protected":false},"author":1,"featured_media":0,"parent":0,"menu_order":0,"comment_status":"closed","ping_status":"closed","template":"elementor_header_footer","meta":{"footnotes":""},"class_list":["post-262","page","type-page","status-publish","hentry"],"yoast_head":"<!-- This site is optimized with the Yoast SEO plugin v27.4 - https:\/\/yoast.com\/product\/yoast-seo-wordpress\/ -->\n<title>LionGrants - Lion Electric<\/title>\n<meta name=\"robots\" content=\"index, follow, max-snippet:-1, max-image-preview:large, max-video-preview:-1\" \/>\n<link rel=\"canonical\" href=\"https:\/\/thelionelectric.com\/fr\/liongrants\/\" \/>\n<meta property=\"og:locale\" content=\"fr_CA\" \/>\n<meta property=\"og:type\" content=\"article\" \/>\n<meta property=\"og:title\" content=\"LionGrants - Lion Electric\" \/>\n<meta property=\"og:description\" content=\"Discover Your Grant Eligibility Turnkey grant monitoring, writing, and maximization. Lion&#8217;s in-house grant specialists are here to maximize your funding opportunities. Our dedicated team specializes in simplifying the complex world of funding opportunities for your electric vehicle initiatives. We expertly navigate the intricate landscape of grants, identifying precisely which programs you&#8217;re eligible for and transforming [&hellip;]\" \/>\n<meta property=\"og:url\" content=\"https:\/\/thelionelectric.com\/fr\/liongrants\/\" \/>\n<meta property=\"og:site_name\" content=\"Lion Electric\" \/>\n<meta property=\"article:modified_time\" content=\"2025-07-07T16:06:35+00:00\" \/>\n<meta property=\"og:image\" content=\"https:\/\/thelionelectric.com\/wp-content\/uploads\/2025\/07\/LionGrants-scaled.png\" \/>\n\t<meta property=\"og:image:width\" content=\"2560\" \/>\n\t<meta property=\"og:image:height\" content=\"819\" \/>\n\t<meta property=\"og:image:type\" content=\"image\/png\" \/>\n<meta name=\"twitter:card\" content=\"summary_large_image\" \/>\n<meta name=\"twitter:label1\" content=\"Estimation du temps de lecture\" \/>\n\t<meta name=\"twitter:data1\" content=\"3 minutes\" \/>\n<script type=\"application\/ld+json\" class=\"yoast-schema-graph\">{\"@context\":\"https:\\\/\\\/schema.org\",\"@graph\":[{\"@type\":\"WebPage\",\"@id\":\"https:\\\/\\\/thelionelectric.com\\\/liongrants\\\/\",\"url\":\"https:\\\/\\\/thelionelectric.com\\\/liongrants\\\/\",\"name\":\"LionGrants - Lion Electric\",\"isPartOf\":{\"@id\":\"https:\\\/\\\/thelionelectric.com\\\/#website\"},\"primaryImageOfPage\":{\"@id\":\"https:\\\/\\\/thelionelectric.com\\\/liongrants\\\/#primaryimage\"},\"image\":{\"@id\":\"https:\\\/\\\/thelionelectric.com\\\/liongrants\\\/#primaryimage\"},\"thumbnailUrl\":\"https:\\\/\\\/thelionelectric.com\\\/wp-content\\\/uploads\\\/2025\\\/07\\\/LionGrants-1024x328.png\",\"datePublished\":\"2024-11-20T16:52:02+00:00\",\"dateModified\":\"2025-07-07T16:06:35+00:00\",\"breadcrumb\":{\"@id\":\"https:\\\/\\\/thelionelectric.com\\\/liongrants\\\/#breadcrumb\"},\"inLanguage\":\"fr-CA\",\"potentialAction\":[{\"@type\":\"ReadAction\",\"target\":[\"https:\\\/\\\/thelionelectric.com\\\/liongrants\\\/\"]}]},{\"@type\":\"ImageObject\",\"inLanguage\":\"fr-CA\",\"@id\":\"https:\\\/\\\/thelionelectric.com\\\/liongrants\\\/#primaryimage\",\"url\":\"https:\\\/\\\/thelionelectric.com\\\/wp-content\\\/uploads\\\/2025\\\/07\\\/LionGrants-1024x328.png\",\"contentUrl\":\"https:\\\/\\\/thelionelectric.com\\\/wp-content\\\/uploads\\\/2025\\\/07\\\/LionGrants-1024x328.png\"},{\"@type\":\"BreadcrumbList\",\"@id\":\"https:\\\/\\\/thelionelectric.com\\\/liongrants\\\/#breadcrumb\",\"itemListElement\":[{\"@type\":\"ListItem\",\"position\":1,\"name\":\"Home\",\"item\":\"https:\\\/\\\/thelionelectric.com\\\/\"},{\"@type\":\"ListItem\",\"position\":2,\"name\":\"LionGrants\"}]},{\"@type\":\"WebSite\",\"@id\":\"https:\\\/\\\/thelionelectric.com\\\/#website\",\"url\":\"https:\\\/\\\/thelionelectric.com\\\/\",\"name\":\"Lion Electric\",\"description\":\"The Bright Move\",\"publisher\":{\"@id\":\"https:\\\/\\\/thelionelectric.com\\\/#organization\"},\"potentialAction\":[{\"@type\":\"SearchAction\",\"target\":{\"@type\":\"EntryPoint\",\"urlTemplate\":\"https:\\\/\\\/thelionelectric.com\\\/?s={search_term_string}\"},\"query-input\":{\"@type\":\"PropertyValueSpecification\",\"valueRequired\":true,\"valueName\":\"search_term_string\"}}],\"inLanguage\":\"fr-CA\"},{\"@type\":\"Organization\",\"@id\":\"https:\\\/\\\/thelionelectric.com\\\/#organization\",\"name\":\"Lion Electric\",\"url\":\"https:\\\/\\\/thelionelectric.com\\\/\",\"logo\":{\"@type\":\"ImageObject\",\"inLanguage\":\"fr-CA\",\"@id\":\"https:\\\/\\\/thelionelectric.com\\\/#\\\/schema\\\/logo\\\/image\\\/\",\"url\":\"https:\\\/\\\/thelionelectric.com\\\/wp-content\\\/uploads\\\/2025\\\/07\\\/LION_New_Logo_Horizontal-scaled.png\",\"contentUrl\":\"https:\\\/\\\/thelionelectric.com\\\/wp-content\\\/uploads\\\/2025\\\/07\\\/LION_New_Logo_Horizontal-scaled.png\",\"width\":2560,\"height\":1458,\"caption\":\"Lion Electric\"},\"image\":{\"@id\":\"https:\\\/\\\/thelionelectric.com\\\/#\\\/schema\\\/logo\\\/image\\\/\"}}]}<\/script>\n<!-- \/ Yoast SEO plugin. -->","yoast_head_json":{"title":"LionGrants - Lion Electric","robots":{"index":"index","follow":"follow","max-snippet":"max-snippet:-1","max-image-preview":"max-image-preview:large","max-video-preview":"max-video-preview:-1"},"canonical":"https:\/\/thelionelectric.com\/fr\/liongrants\/","og_locale":"fr_CA","og_type":"article","og_title":"LionGrants - Lion Electric","og_description":"Discover Your Grant Eligibility Turnkey grant monitoring, writing, and maximization. Lion&#8217;s in-house grant specialists are here to maximize your funding opportunities. Our dedicated team specializes in simplifying the complex world of funding opportunities for your electric vehicle initiatives. We expertly navigate the intricate landscape of grants, identifying precisely which programs you&#8217;re eligible for and transforming [&hellip;]","og_url":"https:\/\/thelionelectric.com\/fr\/liongrants\/","og_site_name":"Lion Electric","article_modified_time":"2025-07-07T16:06:35+00:00","og_image":[{"width":2560,"height":819,"url":"https:\/\/thelionelectric.com\/wp-content\/uploads\/2025\/07\/LionGrants-scaled.png","type":"image\/png"}],"twitter_card":"summary_large_image","twitter_misc":{"Estimation du temps de lecture":"3 minutes"},"schema":{"@context":"https:\/\/schema.org","@graph":[{"@type":"WebPage","@id":"https:\/\/thelionelectric.com\/liongrants\/","url":"https:\/\/thelionelectric.com\/liongrants\/","name":"LionGrants - Lion Electric","isPartOf":{"@id":"https:\/\/thelionelectric.com\/#website"},"primaryImageOfPage":{"@id":"https:\/\/thelionelectric.com\/liongrants\/#primaryimage"},"image":{"@id":"https:\/\/thelionelectric.com\/liongrants\/#primaryimage"},"thumbnailUrl":"https:\/\/thelionelectric.com\/wp-content\/uploads\/2025\/07\/LionGrants-1024x328.png","datePublished":"2024-11-20T16:52:02+00:00","dateModified":"2025-07-07T16:06:35+00:00","breadcrumb":{"@id":"https:\/\/thelionelectric.com\/liongrants\/#breadcrumb"},"inLanguage":"fr-CA","potentialAction":[{"@type":"ReadAction","target":["https:\/\/thelionelectric.com\/liongrants\/"]}]},{"@type":"ImageObject","inLanguage":"fr-CA","@id":"https:\/\/thelionelectric.com\/liongrants\/#primaryimage","url":"https:\/\/thelionelectric.com\/wp-content\/uploads\/2025\/07\/LionGrants-1024x328.png","contentUrl":"https:\/\/thelionelectric.com\/wp-content\/uploads\/2025\/07\/LionGrants-1024x328.png"},{"@type":"BreadcrumbList","@id":"https:\/\/thelionelectric.com\/liongrants\/#breadcrumb","itemListElement":[{"@type":"ListItem","position":1,"name":"Home","item":"https:\/\/thelionelectric.com\/"},{"@type":"ListItem","position":2,"name":"LionGrants"}]},{"@type":"WebSite","@id":"https:\/\/thelionelectric.com\/#website","url":"https:\/\/thelionelectric.com\/","name":"Lion \u00c9lectrique","description":"The Bright Move","publisher":{"@id":"https:\/\/thelionelectric.com\/#organization"},"potentialAction":[{"@type":"SearchAction","target":{"@type":"EntryPoint","urlTemplate":"https:\/\/thelionelectric.com\/?s={search_term_string}"},"query-input":{"@type":"PropertyValueSpecification","valueRequired":true,"valueName":"search_term_string"}}],"inLanguage":"fr-CA"},{"@type":"Organization","@id":"https:\/\/thelionelectric.com\/#organization","name":"Lion \u00c9lectrique","url":"https:\/\/thelionelectric.com\/","logo":{"@type":"ImageObject","inLanguage":"fr-CA","@id":"https:\/\/thelionelectric.com\/#\/schema\/logo\/image\/","url":"https:\/\/thelionelectric.com\/wp-content\/uploads\/2025\/07\/LION_New_Logo_Horizontal-scaled.png","contentUrl":"https:\/\/thelionelectric.com\/wp-content\/uploads\/2025\/07\/LION_New_Logo_Horizontal-scaled.png","width":2560,"height":1458,"caption":"Lion Electric"},"image":{"@id":"https:\/\/thelionelectric.com\/#\/schema\/logo\/image\/"}}]}},"_links":{"self":[{"href":"https:\/\/thelionelectric.com\/fr\/wp-json\/wp\/v2\/pages\/262","targetHints":{"allow":["GET"]}}],"collection":[{"href":"https:\/\/thelionelectric.com\/fr\/wp-json\/wp\/v2\/pages"}],"about":[{"href":"https:\/\/thelionelectric.com\/fr\/wp-json\/wp\/v2\/types\/page"}],"author":[{"embeddable":true,"href":"https:\/\/thelionelectric.com\/fr\/wp-json\/wp\/v2\/users\/1"}],"replies":[{"embeddable":true,"href":"https:\/\/thelionelectric.com\/fr\/wp-json\/wp\/v2\/comments?post=262"}],"version-history":[{"count":31,"href":"https:\/\/thelionelectric.com\/fr\/wp-json\/wp\/v2\/pages\/262\/revisions"}],"predecessor-version":[{"id":3489,"href":"https:\/\/thelionelectric.com\/fr\/wp-json\/wp\/v2\/pages\/262\/revisions\/3489"}],"wp:attachment":[{"href":"https:\/\/thelionelectric.com\/fr\/wp-json\/wp\/v2\/media?parent=262"}],"curies":[{"name":"wp","href":"https:\/\/api.w.org\/{rel}","templated":true}]}}