{"id":328,"date":"2024-11-20T11:57:26","date_gmt":"2024-11-20T16:57:26","guid":{"rendered":"https:\/\/lionev.com\/?page_id=328"},"modified":"2026-03-26T12:18:43","modified_gmt":"2026-03-26T17:18:43","slug":"contact","status":"publish","type":"page","link":"https:\/\/thelionelectric.com\/fr\/contact\/","title":{"rendered":"Contact"},"content":{"rendered":"\t\t<div data-elementor-type=\"wp-page\" data-elementor-id=\"328\" class=\"elementor elementor-328\" data-elementor-post-type=\"page\">\n\t\t\t\t<div class=\"elementor-element elementor-element-f4d9b9b e-con-full e-flex e-con e-parent\" data-id=\"f4d9b9b\" data-element_type=\"container\" data-e-type=\"container\" data-settings=\"{&quot;background_background&quot;:&quot;classic&quot;}\">\n\t\t\t\t<div class=\"elementor-element elementor-element-e4e5463 elementor-widget elementor-widget-heading\" data-id=\"e4e5463\" data-element_type=\"widget\" data-e-type=\"widget\" data-widget_type=\"heading.default\">\n\t\t\t\t<div class=\"elementor-widget-container\">\n\t\t\t\t\t<h1 class=\"elementor-heading-title elementor-size-default\">Contact Us Today!<\/h1>\t\t\t\t<\/div>\n\t\t\t\t<\/div>\n\t\t\t\t<\/div>\n\t\t<div class=\"elementor-element elementor-element-eb0b49f e-con-full e-flex e-con e-parent\" data-id=\"eb0b49f\" data-element_type=\"container\" data-e-type=\"container\" id=\"contact form\" data-settings=\"{&quot;background_background&quot;:&quot;classic&quot;}\">\n\t\t\t\t<div class=\"elementor-element elementor-element-0bc99c4 elementor-widget elementor-widget-heading\" data-id=\"0bc99c4\" data-element_type=\"widget\" data-e-type=\"widget\" data-widget_type=\"heading.default\">\n\t\t\t\t<div class=\"elementor-widget-container\">\n\t\t\t\t\t<h2 class=\"elementor-heading-title elementor-size-default\">Let us know how we can help.<\/h2>\t\t\t\t<\/div>\n\t\t\t\t<\/div>\n\t\t\t\t<div class=\"elementor-element elementor-element-cd444b2 elementor-widget elementor-widget-button\" data-id=\"cd444b2\" data-element_type=\"widget\" data-e-type=\"widget\" data-widget_type=\"button.default\">\n\t\t\t\t<div class=\"elementor-widget-container\">\n\t\t\t\t\t\t\t\t\t<div class=\"elementor-button-wrapper\">\n\t\t\t\t\t<a class=\"elementor-button elementor-button-link elementor-size-sm\" href=\"https:\/\/thelionelectric.com\/lionassistance\/\">\n\t\t\t\t\t\t<span class=\"elementor-button-content-wrapper\">\n\t\t\t\t\t\t\t\t\t<span class=\"elementor-button-text\">For all Service and Parts inquiries, CLICK HERE.<\/span>\n\t\t\t\t\t<\/span>\n\t\t\t\t\t<\/a>\n\t\t\t\t<\/div>\n\t\t\t\t\t\t\t\t<\/div>\n\t\t\t\t<\/div>\n\t\t\t\t<div class=\"elementor-element elementor-element-9faa3c0 elementor-button-align-center elementor-widget__width-inherit elementor-widget elementor-widget-form\" data-id=\"9faa3c0\" data-element_type=\"widget\" data-e-type=\"widget\" data-settings=\"{&quot;step_next_label&quot;:&quot;Next&quot;,&quot;step_previous_label&quot;:&quot;Previous&quot;,&quot;button_width&quot;:&quot;100&quot;,&quot;step_type&quot;:&quot;number_text&quot;,&quot;step_icon_shape&quot;:&quot;circle&quot;}\" data-widget_type=\"form.default\">\n\t\t\t\t<div class=\"elementor-widget-container\">\n\t\t\t\t\t\t\t<form class=\"elementor-form\" method=\"post\" name=\"Contact Us - ENG\" aria-label=\"Contact Us - ENG\">\n\t\t\t<input type=\"hidden\" name=\"post_id\" value=\"328\"\/>\n\t\t\t<input type=\"hidden\" name=\"form_id\" value=\"9faa3c0\"\/>\n\t\t\t<input type=\"hidden\" name=\"referer_title\" value=\"Contact - Lion Electric\" \/>\n\n\t\t\t\t\t\t\t<input type=\"hidden\" name=\"queried_id\" value=\"328\"\/>\n\t\t\t\n\t\t\t<div class=\"elementor-form-fields-wrapper elementor-labels-above\">\n\t\t\t\t\t\t\t\t<div class=\"elementor-field-type-text elementor-field-group elementor-column elementor-field-group-name elementor-col-100 elementor-field-required elementor-mark-required\">\n\t\t\t\t\t\t\t\t\t\t\t\t<label for=\"form-field-name\" class=\"elementor-field-label\">\n\t\t\t\t\t\t\t\tFirst Name\t\t\t\t\t\t\t<\/label>\n\t\t\t\t\t\t\t\t\t\t\t\t\t\t<input size=\"1\" type=\"text\" name=\"form_fields[name]\" id=\"form-field-name\" class=\"elementor-field elementor-size-sm  elementor-field-textual\" placeholder=\"Type your first name\" required=\"required\">\n\t\t\t\t\t\t\t\t\t\t\t<\/div>\n\t\t\t\t\t\t\t\t<div class=\"elementor-field-type-text elementor-field-group elementor-column elementor-field-group-field_460cf1d elementor-col-100 elementor-field-required elementor-mark-required\">\n\t\t\t\t\t\t\t\t\t\t\t\t<label for=\"form-field-field_460cf1d\" class=\"elementor-field-label\">\n\t\t\t\t\t\t\t\tLast Name\t\t\t\t\t\t\t<\/label>\n\t\t\t\t\t\t\t\t\t\t\t\t\t\t<input size=\"1\" type=\"text\" name=\"form_fields[field_460cf1d]\" id=\"form-field-field_460cf1d\" class=\"elementor-field elementor-size-sm  elementor-field-textual\" placeholder=\"Type your last name\" required=\"required\">\n\t\t\t\t\t\t\t\t\t\t\t<\/div>\n\t\t\t\t\t\t\t\t<div class=\"elementor-field-type-text elementor-field-group elementor-column elementor-field-group-field_44f9319 elementor-col-100 elementor-field-required elementor-mark-required\">\n\t\t\t\t\t\t\t\t\t\t\t\t<label for=\"form-field-field_44f9319\" class=\"elementor-field-label\">\n\t\t\t\t\t\t\t\tCompany\t\t\t\t\t\t\t<\/label>\n\t\t\t\t\t\t\t\t\t\t\t\t\t\t<input size=\"1\" type=\"text\" name=\"form_fields[field_44f9319]\" id=\"form-field-field_44f9319\" class=\"elementor-field elementor-size-sm  elementor-field-textual\" placeholder=\"Type your company name\" required=\"required\">\n\t\t\t\t\t\t\t\t\t\t\t<\/div>\n\t\t\t\t\t\t\t\t<div class=\"elementor-field-type-email elementor-field-group elementor-column elementor-field-group-email elementor-col-100 elementor-field-required elementor-mark-required\">\n\t\t\t\t\t\t\t\t\t\t\t\t<label for=\"form-field-email\" class=\"elementor-field-label\">\n\t\t\t\t\t\t\t\tEmail\t\t\t\t\t\t\t<\/label>\n\t\t\t\t\t\t\t\t\t\t\t\t\t\t<input size=\"1\" type=\"email\" name=\"form_fields[email]\" id=\"form-field-email\" class=\"elementor-field elementor-size-sm  elementor-field-textual\" placeholder=\"Enter your email address\" required=\"required\">\n\t\t\t\t\t\t\t\t\t\t\t<\/div>\n\t\t\t\t\t\t\t\t<div class=\"elementor-field-type-tel elementor-field-group elementor-column elementor-field-group-field_eb3bb15 elementor-col-100 elementor-field-required elementor-mark-required\">\n\t\t\t\t\t\t\t\t\t\t\t\t<label for=\"form-field-field_eb3bb15\" class=\"elementor-field-label\">\n\t\t\t\t\t\t\t\tPhone Number\t\t\t\t\t\t\t<\/label>\n\t\t\t\t\t\t\t\t<input size=\"1\" type=\"tel\" name=\"form_fields[field_eb3bb15]\" id=\"form-field-field_eb3bb15\" class=\"elementor-field elementor-size-sm  elementor-field-textual\" placeholder=\"Enter your phone number\" required=\"required\" pattern=\"[0-9()#&amp;+*-=.]+\" title=\"Only numbers and phone characters (#, -, *, etc) are accepted.\">\n\n\t\t\t\t\t\t<\/div>\n\t\t\t\t\t\t\t\t<div class=\"elementor-field-type-text elementor-field-group elementor-column elementor-field-group-field_9c67e26 elementor-col-100 elementor-field-required elementor-mark-required\">\n\t\t\t\t\t\t\t\t\t\t\t\t<label for=\"form-field-field_9c67e26\" class=\"elementor-field-label\">\n\t\t\t\t\t\t\t\tCountry\t\t\t\t\t\t\t<\/label>\n\t\t\t\t\t\t\t\t\t\t\t\t\t\t<input size=\"1\" type=\"text\" name=\"form_fields[field_9c67e26]\" id=\"form-field-field_9c67e26\" class=\"elementor-field elementor-size-sm  elementor-field-textual\" placeholder=\"Type your country\" required=\"required\">\n\t\t\t\t\t\t\t\t\t\t\t<\/div>\n\t\t\t\t\t\t\t\t<div class=\"elementor-field-type-text elementor-field-group elementor-column elementor-field-group-field_e4994cb elementor-col-100 elementor-field-required elementor-mark-required\">\n\t\t\t\t\t\t\t\t\t\t\t\t<label for=\"form-field-field_e4994cb\" class=\"elementor-field-label\">\n\t\t\t\t\t\t\t\tState \/ Province\t\t\t\t\t\t\t<\/label>\n\t\t\t\t\t\t\t\t\t\t\t\t\t\t<input size=\"1\" type=\"text\" name=\"form_fields[field_e4994cb]\" id=\"form-field-field_e4994cb\" class=\"elementor-field elementor-size-sm  elementor-field-textual\" placeholder=\"Type your state or province\" required=\"required\">\n\t\t\t\t\t\t\t\t\t\t\t<\/div>\n\t\t\t\t\t\t\t\t<div class=\"elementor-field-type-select elementor-field-group elementor-column elementor-field-group-field_155f26c elementor-col-100 elementor-field-required elementor-mark-required\">\n\t\t\t\t\t\t\t\t\t\t\t\t<label for=\"form-field-field_155f26c\" class=\"elementor-field-label\">\n\t\t\t\t\t\t\t\tHow can we help?\t\t\t\t\t\t\t<\/label>\n\t\t\t\t\t\t\t\t<div class=\"elementor-field elementor-select-wrapper remove-before \">\n\t\t\t<div class=\"select-caret-down-wrapper\">\n\t\t\t\t<svg aria-hidden=\"true\" class=\"e-font-icon-svg e-eicon-caret-down\" viewBox=\"0 0 571.4 571.4\" xmlns=\"http:\/\/www.w3.org\/2000\/svg\"><path d=\"M571 393Q571 407 561 418L311 668Q300 679 286 679T261 668L11 418Q0 407 0 393T11 368 36 357H536Q550 357 561 368T571 393Z\"><\/path><\/svg>\t\t\t<\/div>\n\t\t\t<select name=\"form_fields[field_155f26c]\" id=\"form-field-field_155f26c\" class=\"elementor-field-textual elementor-size-sm\" required=\"required\">\n\t\t\t\t\t\t\t\t\t<option value=\"Infos\" selected=\"selected\">Infos<\/option>\n\t\t\t\t\t\t\t\t\t<option value=\"Grants infos\">Grants infos<\/option>\n\t\t\t\t\t\t\t\t\t<option value=\"Contact the sales team\">Contact the sales team<\/option>\n\t\t\t\t\t\t\t\t\t<option value=\"Become a Lion supplier\">Become a Lion supplier<\/option>\n\t\t\t\t\t\t\t\t\t<option value=\"Contact human resources\">Contact human resources<\/option>\n\t\t\t\t\t\t\t\t\t<option value=\"Other\">Other<\/option>\n\t\t\t\t\t\t\t<\/select>\n\t\t<\/div>\n\t\t\t\t\t\t<\/div>\n\t\t\t\t\t\t\t\t<div class=\"elementor-field-type-textarea elementor-field-group elementor-column elementor-field-group-message elementor-col-100\">\n\t\t\t\t\t\t\t\t\t\t\t\t<label for=\"form-field-message\" class=\"elementor-field-label\">\n\t\t\t\t\t\t\t\tMessage\t\t\t\t\t\t\t<\/label>\n\t\t\t\t\t\t<textarea class=\"elementor-field-textual elementor-field  elementor-size-sm\" name=\"form_fields[message]\" id=\"form-field-message\" rows=\"4\" placeholder=\"Message\"><\/textarea>\t\t\t\t<\/div>\n\t\t\t\t\t\t\t\t<div class=\"elementor-field-type-recaptcha_v3 elementor-field-group elementor-column elementor-field-group-field_dfe4154 elementor-col-100 recaptcha_v3-bottomright\">\n\t\t\t\t\t<div class=\"elementor-field\" id=\"form-field-field_dfe4154\"><div class=\"elementor-g-recaptcha\" data-sitekey=\"6Ldh1MgqAAAAAOL9ySdegzoGjha5T-D_ZmdKpPy8\" data-type=\"v3\" data-action=\"Form\" data-badge=\"bottomright\" data-size=\"invisible\"><\/div><\/div>\t\t\t\t<\/div>\n\t\t\t\t\t\t\t\t<div class=\"elementor-field-group elementor-column elementor-field-type-submit elementor-col-100 e-form__buttons\">\n\t\t\t\t\t<button class=\"elementor-button elementor-size-sm elementor-animation-grow\" type=\"submit\">\n\t\t\t\t\t\t<span class=\"elementor-button-content-wrapper\">\n\t\t\t\t\t\t\t\t\t\t\t\t\t\t\t\t\t\t\t\t\t\t<span class=\"elementor-button-text\">Submit your request<\/span>\n\t\t\t\t\t\t\t\t\t\t\t\t\t<\/span>\n\t\t\t\t\t<\/button>\n\t\t\t\t<\/div>\n\t\t\t<\/div>\n\t\t<\/form>\n\t\t\t\t\t\t<\/div>\n\t\t\t\t<\/div>\n\t\t\t\t<\/div>\n\t\t<div class=\"elementor-element elementor-element-2f6968d e-flex e-con-boxed e-con e-parent\" data-id=\"2f6968d\" data-element_type=\"container\" data-e-type=\"container\">\n\t\t\t\t\t<div class=\"e-con-inner\">\n\t\t\t\t<div class=\"elementor-element elementor-element-770cb06 elementor-widget elementor-widget-text-editor\" data-id=\"770cb06\" data-element_type=\"widget\" data-e-type=\"widget\" data-no-translation=\"\" data-widget_type=\"text-editor.default\">\n\t\t\t\t<div class=\"elementor-widget-container\">\n\t\t\t\t\t\t\t\t\t<h6 style=\"text-align: left;\"><strong>Chez LION, on aime les conversations franches et respectueuses. Nos \u00e9quipes souhaitent maintenir des discussions courtoises et pertinentes. LION se r\u00e9serve le droit de ne pas r\u00e9pondre \u00e0 tout contenu jug\u00e9 inappropri\u00e9. Pour acc\u00e9der \u00e0 notre\u00a0n\u00e9tiquette\u00a0compl\u00e8te :\u00a0<\/strong><\/h6>\t\t\t\t\t\t\t\t<\/div>\n\t\t\t\t<\/div>\n\t\t\t\t\t<\/div>\n\t\t\t\t<\/div>\n\t\t<div class=\"elementor-element elementor-element-7034ce2 e-flex e-con-boxed e-con e-parent\" data-id=\"7034ce2\" data-element_type=\"container\" data-e-type=\"container\" data-no-translation=\"\">\n\t\t\t\t\t<div class=\"e-con-inner\">\n\t\t\t\t<div class=\"elementor-element elementor-element-869d757 elementor-align-center elementor-widget elementor-widget-button\" data-id=\"869d757\" data-element_type=\"widget\" data-e-type=\"widget\" data-widget_type=\"button.default\">\n\t\t\t\t<div class=\"elementor-widget-container\">\n\t\t\t\t\t\t\t\t\t<div class=\"elementor-button-wrapper\">\n\t\t\t\t\t<a class=\"elementor-button elementor-button-link elementor-size-sm\" href=\"https:\/\/thelionelectric.com\/fr\/\">\n\t\t\t\t\t\t<span class=\"elementor-button-content-wrapper\">\n\t\t\t\t\t\t\t\t\t<span class=\"elementor-button-text\">N\u00e9tiquette<\/span>\n\t\t\t\t\t<\/span>\n\t\t\t\t\t<\/a>\n\t\t\t\t<\/div>\n\t\t\t\t\t\t\t\t<\/div>\n\t\t\t\t<\/div>\n\t\t\t\t\t<\/div>\n\t\t\t\t<\/div>\n\t\t<div class=\"elementor-element elementor-element-655d295 e-flex e-con-boxed e-con e-parent\" data-id=\"655d295\" data-element_type=\"container\" data-e-type=\"container\">\n\t\t\t\t\t<div class=\"e-con-inner\">\n\t\t\t\t<div class=\"elementor-element elementor-element-4070fe6 elementor-widget elementor-widget-text-editor\" data-id=\"4070fe6\" data-element_type=\"widget\" data-e-type=\"widget\" data-no-translation=\"\" data-widget_type=\"text-editor.default\">\n\t\t\t\t<div class=\"elementor-widget-container\">\n\t\t\t\t\t<style>.elementor-element-4070fe6{display:none !important}<\/style>\t\t\t\t<\/div>\n\t\t\t\t<\/div>\n\t\t\t\t<div class=\"elementor-element elementor-element-68621a8 elementor-align-center elementor-widget elementor-widget-button\" data-id=\"68621a8\" data-element_type=\"widget\" data-e-type=\"widget\" data-no-translation=\"\" data-widget_type=\"button.default\">\n\t\t\t\t<div class=\"elementor-widget-container\">\n\t\t\t\t\t<style>.elementor-element-68621a8{display:none !important}<\/style>\t\t\t\t<\/div>\n\t\t\t\t<\/div>\n\t\t\t\t\t<\/div>\n\t\t\t\t<\/div>\n\t\t\t\t<\/div>\n\t\t","protected":false},"excerpt":{"rendered":"<p>Contact Us Today! Let us know how we can help. For all Service and Parts inquiries, CLICK HERE. Chez LION, on aime les conversations franches et respectueuses. Nos \u00e9quipes souhaitent maintenir des discussions courtoises et pertinentes. LION se r\u00e9serve le droit de ne pas r\u00e9pondre \u00e0 tout contenu jug\u00e9 inappropri\u00e9. Pour acc\u00e9der \u00e0 notre\u00a0n\u00e9tiquette\u00a0compl\u00e8te :\u00a0 [&hellip;]<\/p>\n","protected":false},"author":1,"featured_media":0,"parent":0,"menu_order":0,"comment_status":"closed","ping_status":"closed","template":"elementor_header_footer","meta":{"footnotes":""},"class_list":["post-328","page","type-page","status-publish","hentry"],"yoast_head":"<!-- This site is optimized with the Yoast SEO plugin v27.4 - https:\/\/yoast.com\/product\/yoast-seo-wordpress\/ -->\n<title>Contact - Lion Electric<\/title>\n<meta name=\"robots\" content=\"index, follow, max-snippet:-1, max-image-preview:large, max-video-preview:-1\" \/>\n<link rel=\"canonical\" href=\"https:\/\/thelionelectric.com\/fr\/contact\/\" \/>\n<meta property=\"og:locale\" content=\"fr_CA\" \/>\n<meta property=\"og:type\" content=\"article\" \/>\n<meta property=\"og:title\" content=\"Contact - Lion Electric\" \/>\n<meta property=\"og:description\" content=\"Contact Us Today! Let us know how we can help. For all Service and Parts inquiries, CLICK HERE. Chez LION, on aime les conversations franches et respectueuses. Nos \u00e9quipes souhaitent maintenir des discussions courtoises et pertinentes. LION se r\u00e9serve le droit de ne pas r\u00e9pondre \u00e0 tout contenu jug\u00e9 inappropri\u00e9. Pour acc\u00e9der \u00e0 notre\u00a0n\u00e9tiquette\u00a0compl\u00e8te :\u00a0 [&hellip;]\" \/>\n<meta property=\"og:url\" content=\"https:\/\/thelionelectric.com\/fr\/contact\/\" \/>\n<meta property=\"og:site_name\" content=\"Lion Electric\" \/>\n<meta property=\"article:modified_time\" content=\"2026-03-26T17:18:43+00:00\" \/>\n<meta name=\"twitter:card\" content=\"summary_large_image\" \/>\n<meta name=\"twitter:label1\" content=\"Estimation du temps de lecture\" \/>\n\t<meta name=\"twitter:data1\" content=\"1 minute\" \/>\n<script type=\"application\/ld+json\" class=\"yoast-schema-graph\">{\"@context\":\"https:\\\/\\\/schema.org\",\"@graph\":[{\"@type\":\"WebPage\",\"@id\":\"https:\\\/\\\/thelionelectric.com\\\/contact\\\/\",\"url\":\"https:\\\/\\\/thelionelectric.com\\\/contact\\\/\",\"name\":\"Contact - Lion Electric\",\"isPartOf\":{\"@id\":\"https:\\\/\\\/thelionelectric.com\\\/#website\"},\"datePublished\":\"2024-11-20T16:57:26+00:00\",\"dateModified\":\"2026-03-26T17:18:43+00:00\",\"breadcrumb\":{\"@id\":\"https:\\\/\\\/thelionelectric.com\\\/contact\\\/#breadcrumb\"},\"inLanguage\":\"fr-CA\",\"potentialAction\":[{\"@type\":\"ReadAction\",\"target\":[\"https:\\\/\\\/thelionelectric.com\\\/contact\\\/\"]}]},{\"@type\":\"BreadcrumbList\",\"@id\":\"https:\\\/\\\/thelionelectric.com\\\/contact\\\/#breadcrumb\",\"itemListElement\":[{\"@type\":\"ListItem\",\"position\":1,\"name\":\"Home\",\"item\":\"https:\\\/\\\/thelionelectric.com\\\/\"},{\"@type\":\"ListItem\",\"position\":2,\"name\":\"Contact\"}]},{\"@type\":\"WebSite\",\"@id\":\"https:\\\/\\\/thelionelectric.com\\\/#website\",\"url\":\"https:\\\/\\\/thelionelectric.com\\\/\",\"name\":\"Lion Electric\",\"description\":\"The Bright Move\",\"publisher\":{\"@id\":\"https:\\\/\\\/thelionelectric.com\\\/#organization\"},\"potentialAction\":[{\"@type\":\"SearchAction\",\"target\":{\"@type\":\"EntryPoint\",\"urlTemplate\":\"https:\\\/\\\/thelionelectric.com\\\/?s={search_term_string}\"},\"query-input\":{\"@type\":\"PropertyValueSpecification\",\"valueRequired\":true,\"valueName\":\"search_term_string\"}}],\"inLanguage\":\"fr-CA\"},{\"@type\":\"Organization\",\"@id\":\"https:\\\/\\\/thelionelectric.com\\\/#organization\",\"name\":\"Lion Electric\",\"url\":\"https:\\\/\\\/thelionelectric.com\\\/\",\"logo\":{\"@type\":\"ImageObject\",\"inLanguage\":\"fr-CA\",\"@id\":\"https:\\\/\\\/thelionelectric.com\\\/#\\\/schema\\\/logo\\\/image\\\/\",\"url\":\"https:\\\/\\\/thelionelectric.com\\\/wp-content\\\/uploads\\\/2025\\\/07\\\/LION_New_Logo_Horizontal-scaled.png\",\"contentUrl\":\"https:\\\/\\\/thelionelectric.com\\\/wp-content\\\/uploads\\\/2025\\\/07\\\/LION_New_Logo_Horizontal-scaled.png\",\"width\":2560,\"height\":1458,\"caption\":\"Lion Electric\"},\"image\":{\"@id\":\"https:\\\/\\\/thelionelectric.com\\\/#\\\/schema\\\/logo\\\/image\\\/\"}}]}<\/script>\n<!-- \/ Yoast SEO plugin. -->","yoast_head_json":{"title":"Contact - Lion Electric","robots":{"index":"index","follow":"follow","max-snippet":"max-snippet:-1","max-image-preview":"max-image-preview:large","max-video-preview":"max-video-preview:-1"},"canonical":"https:\/\/thelionelectric.com\/fr\/contact\/","og_locale":"fr_CA","og_type":"article","og_title":"Contact - Lion Electric","og_description":"Contact Us Today! Let us know how we can help. For all Service and Parts inquiries, CLICK HERE. Chez LION, on aime les conversations franches et respectueuses. Nos \u00e9quipes souhaitent maintenir des discussions courtoises et pertinentes. LION se r\u00e9serve le droit de ne pas r\u00e9pondre \u00e0 tout contenu jug\u00e9 inappropri\u00e9. Pour acc\u00e9der \u00e0 notre\u00a0n\u00e9tiquette\u00a0compl\u00e8te :\u00a0 [&hellip;]","og_url":"https:\/\/thelionelectric.com\/fr\/contact\/","og_site_name":"Lion Electric","article_modified_time":"2026-03-26T17:18:43+00:00","twitter_card":"summary_large_image","twitter_misc":{"Estimation du temps de lecture":"1 minute"},"schema":{"@context":"https:\/\/schema.org","@graph":[{"@type":"WebPage","@id":"https:\/\/thelionelectric.com\/contact\/","url":"https:\/\/thelionelectric.com\/contact\/","name":"Contact - Lion Electric","isPartOf":{"@id":"https:\/\/thelionelectric.com\/#website"},"datePublished":"2024-11-20T16:57:26+00:00","dateModified":"2026-03-26T17:18:43+00:00","breadcrumb":{"@id":"https:\/\/thelionelectric.com\/contact\/#breadcrumb"},"inLanguage":"fr-CA","potentialAction":[{"@type":"ReadAction","target":["https:\/\/thelionelectric.com\/contact\/"]}]},{"@type":"BreadcrumbList","@id":"https:\/\/thelionelectric.com\/contact\/#breadcrumb","itemListElement":[{"@type":"ListItem","position":1,"name":"Home","item":"https:\/\/thelionelectric.com\/"},{"@type":"ListItem","position":2,"name":"Contact"}]},{"@type":"WebSite","@id":"https:\/\/thelionelectric.com\/#website","url":"https:\/\/thelionelectric.com\/","name":"Lion \u00c9lectrique","description":"The Bright Move","publisher":{"@id":"https:\/\/thelionelectric.com\/#organization"},"potentialAction":[{"@type":"SearchAction","target":{"@type":"EntryPoint","urlTemplate":"https:\/\/thelionelectric.com\/?s={search_term_string}"},"query-input":{"@type":"PropertyValueSpecification","valueRequired":true,"valueName":"search_term_string"}}],"inLanguage":"fr-CA"},{"@type":"Organization","@id":"https:\/\/thelionelectric.com\/#organization","name":"Lion \u00c9lectrique","url":"https:\/\/thelionelectric.com\/","logo":{"@type":"ImageObject","inLanguage":"fr-CA","@id":"https:\/\/thelionelectric.com\/#\/schema\/logo\/image\/","url":"https:\/\/thelionelectric.com\/wp-content\/uploads\/2025\/07\/LION_New_Logo_Horizontal-scaled.png","contentUrl":"https:\/\/thelionelectric.com\/wp-content\/uploads\/2025\/07\/LION_New_Logo_Horizontal-scaled.png","width":2560,"height":1458,"caption":"Lion Electric"},"image":{"@id":"https:\/\/thelionelectric.com\/#\/schema\/logo\/image\/"}}]}},"_links":{"self":[{"href":"https:\/\/thelionelectric.com\/fr\/wp-json\/wp\/v2\/pages\/328","targetHints":{"allow":["GET"]}}],"collection":[{"href":"https:\/\/thelionelectric.com\/fr\/wp-json\/wp\/v2\/pages"}],"about":[{"href":"https:\/\/thelionelectric.com\/fr\/wp-json\/wp\/v2\/types\/page"}],"author":[{"embeddable":true,"href":"https:\/\/thelionelectric.com\/fr\/wp-json\/wp\/v2\/users\/1"}],"replies":[{"embeddable":true,"href":"https:\/\/thelionelectric.com\/fr\/wp-json\/wp\/v2\/comments?post=328"}],"version-history":[{"count":139,"href":"https:\/\/thelionelectric.com\/fr\/wp-json\/wp\/v2\/pages\/328\/revisions"}],"predecessor-version":[{"id":4490,"href":"https:\/\/thelionelectric.com\/fr\/wp-json\/wp\/v2\/pages\/328\/revisions\/4490"}],"wp:attachment":[{"href":"https:\/\/thelionelectric.com\/fr\/wp-json\/wp\/v2\/media?parent=328"}],"curies":[{"name":"wp","href":"https:\/\/api.w.org\/{rel}","templated":true}]}}