{"id":4174,"date":"2025-12-16T11:05:05","date_gmt":"2025-12-16T16:05:05","guid":{"rendered":"https:\/\/thelionelectric.com\/?page_id=4174"},"modified":"2025-12-18T11:24:13","modified_gmt":"2025-12-18T16:24:13","slug":"formations","status":"publish","type":"page","link":"https:\/\/thelionelectric.com\/fr\/formations\/","title":{"rendered":"Formation"},"content":{"rendered":"<div data-elementor-type=\"wp-page\" data-elementor-id=\"4174\" class=\"elementor elementor-4174\" data-elementor-post-type=\"page\">\n\t\t\t\t<div class=\"elementor-element elementor-element-92dfbaa e-con-full e-flex e-con e-parent\" data-id=\"92dfbaa\" data-element_type=\"container\" data-e-type=\"container\" data-settings=\"{&quot;background_background&quot;:&quot;classic&quot;}\">\n\t\t\t\t<\/div>\n\t\t<div class=\"elementor-element elementor-element-752edee e-con-full e-flex e-con e-parent\" data-id=\"752edee\" data-element_type=\"container\" data-e-type=\"container\" data-settings=\"{&quot;background_background&quot;:&quot;classic&quot;}\">\n\t\t\t\t<div class=\"elementor-element elementor-element-0b2de37 elementor-widget elementor-widget-heading\" data-id=\"0b2de37\" data-element_type=\"widget\" data-e-type=\"widget\" data-widget_type=\"heading.default\">\n\t\t\t\t<div class=\"elementor-widget-container\">\n\t\t\t\t\t<h1 class=\"elementor-heading-title elementor-size-default\">Formations LION<\/h1>\t\t\t\t<\/div>\n\t\t\t\t<\/div>\n\t\t\t\t<\/div>\n\t\t<div class=\"elementor-element elementor-element-44ffc55 e-grid e-con-boxed e-con e-parent\" data-id=\"44ffc55\" data-element_type=\"container\" data-e-type=\"container\">\n\t\t\t\t\t<div class=\"e-con-inner\">\n\t\t\t\t<div class=\"elementor-element elementor-element-052a4a7 elementor-widget elementor-widget-heading\" data-id=\"052a4a7\" data-element_type=\"widget\" data-e-type=\"widget\" data-widget_type=\"heading.default\">\n\t\t\t\t<div class=\"elementor-widget-container\">\n\t\t\t\t\t<h2 class=\"elementor-heading-title elementor-size-default\">Pourquoi participer?<\/h2>\t\t\t\t<\/div>\n\t\t\t\t<\/div>\n\t\t\t\t<div class=\"elementor-element elementor-element-58cc5b3 elementor-widget elementor-widget-text-editor\" data-id=\"58cc5b3\" data-element_type=\"widget\" data-e-type=\"widget\" data-widget_type=\"text-editor.default\">\n\t\t\t\t<div class=\"elementor-widget-container\">\n\t\t\t\t\t\t\t\t\t<ul type=\"disc\"><li>Formation de 3 jours anim\u00e9e par un formateur exp\u00e9riment\u00e9 de TECHLINE<\/li><li>Apprentissage pratique et concret : vous serez en mesure d'appliquer imm\u00e9diatement les exemples pr\u00e9sent\u00e9s<\/li><li>Objectif : devenir plus autonome et d\u00e9velopper une expertise avanc\u00e9e sur LIONC<\/li><\/ul>\t\t\t\t\t\t\t\t<\/div>\n\t\t\t\t<\/div>\n\t\t\t\t\t<\/div>\n\t\t\t\t<\/div>\n\t\t<div class=\"elementor-element elementor-element-e369240 e-grid e-con-boxed e-con e-parent\" data-id=\"e369240\" data-element_type=\"container\" data-e-type=\"container\">\n\t\t\t\t\t<div class=\"e-con-inner\">\n\t\t\t\t<div class=\"elementor-element elementor-element-de07de5 elementor-widget elementor-widget-heading\" data-id=\"de07de5\" data-element_type=\"widget\" data-e-type=\"widget\" data-widget_type=\"heading.default\">\n\t\t\t\t<div class=\"elementor-widget-container\">\n\t\t\t\t\t<h2 class=\"elementor-heading-title elementor-size-default\">Points forts<\/h2>\t\t\t\t<\/div>\n\t\t\t\t<\/div>\n\t\t\t\t<div class=\"elementor-element elementor-element-e75a73b elementor-widget elementor-widget-text-editor\" data-id=\"e75a73b\" data-element_type=\"widget\" data-e-type=\"widget\" data-widget_type=\"text-editor.default\">\n\t\t\t\t<div class=\"elementor-widget-container\">\n\t\t\t\t\t\t\t\t\t<ul><li>Programme d\u00e9taill\u00e9 couvrant tous les modules essentiels pour vos op\u00e9rations<\/li><li>Des tests pratiques apr\u00e8s chaque module pour valider vos connaissances<\/li><li>Acc\u00e8s \u00e0 un LIONC Gen3<\/li><\/ul>\t\t\t\t\t\t\t\t<\/div>\n\t\t\t\t<\/div>\n\t\t\t\t\t<\/div>\n\t\t\t\t<\/div>\n\t\t<div class=\"elementor-element elementor-element-95b7af1 e-con-full e-flex e-con e-parent\" data-id=\"95b7af1\" data-element_type=\"container\" data-e-type=\"container\" data-settings=\"{&quot;background_background&quot;:&quot;classic&quot;}\">\n\t\t\t\t<div class=\"elementor-element elementor-element-da352aa elementor-align-center elementor-widget__width-inherit elementor-widget elementor-widget-button\" data-id=\"da352aa\" data-element_type=\"widget\" data-e-type=\"widget\" data-widget_type=\"button.default\">\n\t\t\t\t<div class=\"elementor-widget-container\">\n\t\t\t\t\t\t\t\t\t<div class=\"elementor-button-wrapper\">\n\t\t\t\t\t<a class=\"elementor-button elementor-button-link elementor-size-sm elementor-animation-grow\" href=\"https:\/\/forms.gle\/uAvpw5nGwimTiDKn9\">\n\t\t\t\t\t\t<span class=\"elementor-button-content-wrapper\">\n\t\t\t\t\t\t\t\t\t<span class=\"elementor-button-text\">S'inscrire \u00e0 une formation<\/span>\n\t\t\t\t\t<\/span>\n\t\t\t\t\t<\/a>\n\t\t\t\t<\/div>\n\t\t\t\t\t\t\t\t<\/div>\n\t\t\t\t<\/div>\n\t\t\t\t<\/div>\n\t\t\t\t<\/div>","protected":false},"excerpt":{"rendered":"<p>LION&#8217;s training Why participate? 3-day training led by an experienced TECHLINE trainer Practical and concrete learning: you will be able to apply the examples presented immediately Objective: to become more autonomous and develop advanced expertise on LIONC Training Highlights Detailed program covering all the essential modules for your operations (Parker and Low Voltage Architecture, Propulsion [&hellip;]<\/p>\n","protected":false},"author":1,"featured_media":0,"parent":0,"menu_order":0,"comment_status":"closed","ping_status":"closed","template":"elementor_header_footer","meta":{"footnotes":""},"class_list":["post-4174","page","type-page","status-publish","hentry"],"yoast_head":"<!-- This site is optimized with the Yoast SEO plugin v27.5 - https:\/\/yoast.com\/product\/yoast-seo-wordpress\/ -->\n<title>Training - Lion Electric<\/title>\n<meta name=\"robots\" content=\"index, follow, max-snippet:-1, max-image-preview:large, max-video-preview:-1\" \/>\n<link rel=\"canonical\" href=\"https:\/\/thelionelectric.com\/fr\/formations\/\" \/>\n<meta property=\"og:locale\" content=\"fr_CA\" \/>\n<meta property=\"og:type\" content=\"article\" \/>\n<meta property=\"og:title\" content=\"Training - Lion Electric\" \/>\n<meta property=\"og:description\" content=\"LION&#8217;s training Why participate? 3-day training led by an experienced TECHLINE trainer Practical and concrete learning: you will be able to apply the examples presented immediately Objective: to become more autonomous and develop advanced expertise on LIONC Training Highlights Detailed program covering all the essential modules for your operations (Parker and Low Voltage Architecture, Propulsion [&hellip;]\" \/>\n<meta property=\"og:url\" content=\"https:\/\/thelionelectric.com\/fr\/formations\/\" \/>\n<meta property=\"og:site_name\" content=\"Lion Electric\" \/>\n<meta property=\"article:modified_time\" content=\"2025-12-18T16:24:13+00:00\" \/>\n<meta name=\"twitter:card\" content=\"summary_large_image\" \/>\n<meta name=\"twitter:label1\" content=\"Estimation du temps de lecture\" \/>\n\t<meta name=\"twitter:data1\" content=\"1 minute\" \/>\n<script type=\"application\/ld+json\" class=\"yoast-schema-graph\">{\"@context\":\"https:\\\/\\\/schema.org\",\"@graph\":[{\"@type\":\"WebPage\",\"@id\":\"https:\\\/\\\/thelionelectric.com\\\/formations\\\/\",\"url\":\"https:\\\/\\\/thelionelectric.com\\\/formations\\\/\",\"name\":\"Training - Lion Electric\",\"isPartOf\":{\"@id\":\"https:\\\/\\\/thelionelectric.com\\\/#website\"},\"datePublished\":\"2025-12-16T16:05:05+00:00\",\"dateModified\":\"2025-12-18T16:24:13+00:00\",\"breadcrumb\":{\"@id\":\"https:\\\/\\\/thelionelectric.com\\\/formations\\\/#breadcrumb\"},\"inLanguage\":\"fr-CA\",\"potentialAction\":[{\"@type\":\"ReadAction\",\"target\":[\"https:\\\/\\\/thelionelectric.com\\\/formations\\\/\"]}]},{\"@type\":\"BreadcrumbList\",\"@id\":\"https:\\\/\\\/thelionelectric.com\\\/formations\\\/#breadcrumb\",\"itemListElement\":[{\"@type\":\"ListItem\",\"position\":1,\"name\":\"Home\",\"item\":\"https:\\\/\\\/thelionelectric.com\\\/\"},{\"@type\":\"ListItem\",\"position\":2,\"name\":\"Training\"}]},{\"@type\":\"WebSite\",\"@id\":\"https:\\\/\\\/thelionelectric.com\\\/#website\",\"url\":\"https:\\\/\\\/thelionelectric.com\\\/\",\"name\":\"Lion Electric\",\"description\":\"The Bright Move\",\"publisher\":{\"@id\":\"https:\\\/\\\/thelionelectric.com\\\/#organization\"},\"potentialAction\":[{\"@type\":\"SearchAction\",\"target\":{\"@type\":\"EntryPoint\",\"urlTemplate\":\"https:\\\/\\\/thelionelectric.com\\\/?s={search_term_string}\"},\"query-input\":{\"@type\":\"PropertyValueSpecification\",\"valueRequired\":true,\"valueName\":\"search_term_string\"}}],\"inLanguage\":\"fr-CA\"},{\"@type\":\"Organization\",\"@id\":\"https:\\\/\\\/thelionelectric.com\\\/#organization\",\"name\":\"Lion Electric\",\"url\":\"https:\\\/\\\/thelionelectric.com\\\/\",\"logo\":{\"@type\":\"ImageObject\",\"inLanguage\":\"fr-CA\",\"@id\":\"https:\\\/\\\/thelionelectric.com\\\/#\\\/schema\\\/logo\\\/image\\\/\",\"url\":\"https:\\\/\\\/thelionelectric.com\\\/wp-content\\\/uploads\\\/2025\\\/07\\\/LION_New_Logo_Horizontal-scaled.png\",\"contentUrl\":\"https:\\\/\\\/thelionelectric.com\\\/wp-content\\\/uploads\\\/2025\\\/07\\\/LION_New_Logo_Horizontal-scaled.png\",\"width\":2560,\"height\":1458,\"caption\":\"Lion Electric\"},\"image\":{\"@id\":\"https:\\\/\\\/thelionelectric.com\\\/#\\\/schema\\\/logo\\\/image\\\/\"}}]}<\/script>\n<!-- \/ Yoast SEO plugin. -->","yoast_head_json":{"title":"Training - Lion Electric","robots":{"index":"index","follow":"follow","max-snippet":"max-snippet:-1","max-image-preview":"max-image-preview:large","max-video-preview":"max-video-preview:-1"},"canonical":"https:\/\/thelionelectric.com\/fr\/formations\/","og_locale":"fr_CA","og_type":"article","og_title":"Training - Lion Electric","og_description":"LION&#8217;s training Why participate? 3-day training led by an experienced TECHLINE trainer Practical and concrete learning: you will be able to apply the examples presented immediately Objective: to become more autonomous and develop advanced expertise on LIONC Training Highlights Detailed program covering all the essential modules for your operations (Parker and Low Voltage Architecture, Propulsion [&hellip;]","og_url":"https:\/\/thelionelectric.com\/fr\/formations\/","og_site_name":"Lion Electric","article_modified_time":"2025-12-18T16:24:13+00:00","twitter_card":"summary_large_image","twitter_misc":{"Estimation du temps de lecture":"1 minute"},"schema":{"@context":"https:\/\/schema.org","@graph":[{"@type":"WebPage","@id":"https:\/\/thelionelectric.com\/formations\/","url":"https:\/\/thelionelectric.com\/formations\/","name":"Training - Lion Electric","isPartOf":{"@id":"https:\/\/thelionelectric.com\/#website"},"datePublished":"2025-12-16T16:05:05+00:00","dateModified":"2025-12-18T16:24:13+00:00","breadcrumb":{"@id":"https:\/\/thelionelectric.com\/formations\/#breadcrumb"},"inLanguage":"fr-CA","potentialAction":[{"@type":"ReadAction","target":["https:\/\/thelionelectric.com\/formations\/"]}]},{"@type":"BreadcrumbList","@id":"https:\/\/thelionelectric.com\/formations\/#breadcrumb","itemListElement":[{"@type":"ListItem","position":1,"name":"Home","item":"https:\/\/thelionelectric.com\/"},{"@type":"ListItem","position":2,"name":"Training"}]},{"@type":"WebSite","@id":"https:\/\/thelionelectric.com\/#website","url":"https:\/\/thelionelectric.com\/","name":"Lion \u00c9lectrique","description":"The Bright Move","publisher":{"@id":"https:\/\/thelionelectric.com\/#organization"},"potentialAction":[{"@type":"SearchAction","target":{"@type":"EntryPoint","urlTemplate":"https:\/\/thelionelectric.com\/?s={search_term_string}"},"query-input":{"@type":"PropertyValueSpecification","valueRequired":true,"valueName":"search_term_string"}}],"inLanguage":"fr-CA"},{"@type":"Organization","@id":"https:\/\/thelionelectric.com\/#organization","name":"Lion \u00c9lectrique","url":"https:\/\/thelionelectric.com\/","logo":{"@type":"ImageObject","inLanguage":"fr-CA","@id":"https:\/\/thelionelectric.com\/#\/schema\/logo\/image\/","url":"https:\/\/thelionelectric.com\/wp-content\/uploads\/2025\/07\/LION_New_Logo_Horizontal-scaled.png","contentUrl":"https:\/\/thelionelectric.com\/wp-content\/uploads\/2025\/07\/LION_New_Logo_Horizontal-scaled.png","width":2560,"height":1458,"caption":"Lion Electric"},"image":{"@id":"https:\/\/thelionelectric.com\/#\/schema\/logo\/image\/"}}]}},"_links":{"self":[{"href":"https:\/\/thelionelectric.com\/fr\/wp-json\/wp\/v2\/pages\/4174","targetHints":{"allow":["GET"]}}],"collection":[{"href":"https:\/\/thelionelectric.com\/fr\/wp-json\/wp\/v2\/pages"}],"about":[{"href":"https:\/\/thelionelectric.com\/fr\/wp-json\/wp\/v2\/types\/page"}],"author":[{"embeddable":true,"href":"https:\/\/thelionelectric.com\/fr\/wp-json\/wp\/v2\/users\/1"}],"replies":[{"embeddable":true,"href":"https:\/\/thelionelectric.com\/fr\/wp-json\/wp\/v2\/comments?post=4174"}],"version-history":[{"count":11,"href":"https:\/\/thelionelectric.com\/fr\/wp-json\/wp\/v2\/pages\/4174\/revisions"}],"predecessor-version":[{"id":4220,"href":"https:\/\/thelionelectric.com\/fr\/wp-json\/wp\/v2\/pages\/4174\/revisions\/4220"}],"wp:attachment":[{"href":"https:\/\/thelionelectric.com\/fr\/wp-json\/wp\/v2\/media?parent=4174"}],"curies":[{"name":"wp","href":"https:\/\/api.w.org\/{rel}","templated":true}]}}