{"id":4201,"date":"2025-12-18T11:13:19","date_gmt":"2025-12-18T16:13:19","guid":{"rendered":"https:\/\/thelionelectric.com\/?page_id=4201"},"modified":"2025-12-18T11:36:39","modified_gmt":"2025-12-18T16:36:39","slug":"manuels-garantie","status":"publish","type":"page","link":"https:\/\/thelionelectric.com\/fr\/manuels-garantie\/","title":{"rendered":"Maintenance &amp; Garantie"},"content":{"rendered":"\t\t<div data-elementor-type=\"wp-page\" data-elementor-id=\"4201\" class=\"elementor elementor-4201\" data-elementor-post-type=\"page\">\n\t\t\t\t<div class=\"elementor-element elementor-element-128844a e-con-full e-flex e-con e-parent\" data-id=\"128844a\" data-element_type=\"container\" data-e-type=\"container\" data-settings=\"{&quot;background_background&quot;:&quot;classic&quot;}\">\n\t\t<div class=\"elementor-element elementor-element-ad004d2 e-con-full e-flex e-con e-child\" data-id=\"ad004d2\" data-element_type=\"container\" data-e-type=\"container\">\n\t\t\t\t<div class=\"elementor-element elementor-element-43ab549 elementor-widget elementor-widget-heading\" data-id=\"43ab549\" data-element_type=\"widget\" data-e-type=\"widget\" data-widget_type=\"heading.default\">\n\t\t\t\t<div class=\"elementor-widget-container\">\n\t\t\t\t\t<h2 class=\"elementor-heading-title elementor-size-default\">Maintenance &amp; Warranty<\/h2>\t\t\t\t<\/div>\n\t\t\t\t<\/div>\n\t\t\t\t<\/div>\n\t\t\t\t<\/div>\n\t\t<div class=\"elementor-element elementor-element-c9d8768 e-con-full e-flex e-con e-parent\" data-id=\"c9d8768\" data-element_type=\"container\" data-e-type=\"container\" data-settings=\"{&quot;background_background&quot;:&quot;classic&quot;}\">\n\t\t<div class=\"elementor-element elementor-element-71cf1e0 e-con-full e-flex e-con e-child\" data-id=\"71cf1e0\" data-element_type=\"container\" data-e-type=\"container\" data-settings=\"{&quot;background_background&quot;:&quot;classic&quot;}\">\n\t\t<div class=\"elementor-element elementor-element-b10ab3f e-con-full e-flex e-con e-child\" data-id=\"b10ab3f\" data-element_type=\"container\" data-e-type=\"container\">\n\t\t\t\t<div class=\"elementor-element elementor-element-ed4852d elementor-widget__width-inherit elementor-widget elementor-widget-text-editor\" data-id=\"ed4852d\" data-element_type=\"widget\" data-e-type=\"widget\" data-widget_type=\"text-editor.default\">\n\t\t\t\t<div class=\"elementor-widget-container\">\n\t\t\t\t\t\t\t\t\t<p>Maintenance\u00a0<\/p>\t\t\t\t\t\t\t\t<\/div>\n\t\t\t\t<\/div>\n\t\t\t\t<div class=\"elementor-element elementor-element-24d4ff2 elementor-widget elementor-widget-button\" data-id=\"24d4ff2\" data-element_type=\"widget\" data-e-type=\"widget\" data-widget_type=\"button.default\">\n\t\t\t\t<div class=\"elementor-widget-container\">\n\t\t\t\t\t\t\t\t\t<div class=\"elementor-button-wrapper\">\n\t\t\t\t\t<a class=\"elementor-button elementor-button-link elementor-size-sm elementor-animation-grow\" href=\"https:\/\/maintenancelion.z27.web.core.windows.net\/\" target=\"_blank\">\n\t\t\t\t\t\t<span class=\"elementor-button-content-wrapper\">\n\t\t\t\t\t\t\t\t\t<span class=\"elementor-button-text\">Consult our maintenance manual<\/span>\n\t\t\t\t\t<\/span>\n\t\t\t\t\t<\/a>\n\t\t\t\t<\/div>\n\t\t\t\t\t\t\t\t<\/div>\n\t\t\t\t<\/div>\n\t\t\t\t<\/div>\n\t\t\t\t<\/div>\n\t\t<div class=\"elementor-element elementor-element-fa96173 e-con-full e-flex e-con e-child\" data-id=\"fa96173\" data-element_type=\"container\" data-e-type=\"container\" data-settings=\"{&quot;background_background&quot;:&quot;classic&quot;}\">\n\t\t<div class=\"elementor-element elementor-element-a14ea77 e-con-full e-flex e-con e-child\" data-id=\"a14ea77\" data-element_type=\"container\" data-e-type=\"container\">\n\t\t\t\t<div class=\"elementor-element elementor-element-d016d11 elementor-widget__width-inherit elementor-widget elementor-widget-text-editor\" data-id=\"d016d11\" data-element_type=\"widget\" data-e-type=\"widget\" data-widget_type=\"text-editor.default\">\n\t\t\t\t<div class=\"elementor-widget-container\">\n\t\t\t\t\t\t\t\t\t<p>File the Warranty Claim Form<\/p>\t\t\t\t\t\t\t\t<\/div>\n\t\t\t\t<\/div>\n\t\t\t\t<div class=\"elementor-element elementor-element-bf86539 elementor-widget elementor-widget-button\" data-id=\"bf86539\" data-element_type=\"widget\" data-e-type=\"widget\" data-widget_type=\"button.default\">\n\t\t\t\t<div class=\"elementor-widget-container\">\n\t\t\t\t\t\t\t\t\t<div class=\"elementor-button-wrapper\">\n\t\t\t\t\t<a class=\"elementor-button elementor-button-link elementor-size-sm elementor-animation-grow\" href=\"https:\/\/app.smartsheet.com\/b\/form\/4e19e8b9a45944458f9f6913603d4c06\" target=\"_blank\">\n\t\t\t\t\t\t<span class=\"elementor-button-content-wrapper\">\n\t\t\t\t\t\t\t\t\t<span class=\"elementor-button-text\">Warranty Claim Form<\/span>\n\t\t\t\t\t<\/span>\n\t\t\t\t\t<\/a>\n\t\t\t\t<\/div>\n\t\t\t\t\t\t\t\t<\/div>\n\t\t\t\t<\/div>\n\t\t\t\t<div class=\"elementor-element elementor-element-93d99e5 elementor-widget elementor-widget-button\" data-id=\"93d99e5\" data-element_type=\"widget\" data-e-type=\"widget\" data-widget_type=\"button.default\">\n\t\t\t\t<div class=\"elementor-widget-container\">\n\t\t\t\t\t<style>.elementor-element-93d99e5{display:none !important}<\/style>\t\t\t\t<\/div>\n\t\t\t\t<\/div>\n\t\t\t\t<div class=\"elementor-element elementor-element-e623607 elementor-widget elementor-widget-button\" data-id=\"e623607\" data-element_type=\"widget\" data-e-type=\"widget\" data-widget_type=\"button.default\">\n\t\t\t\t<div class=\"elementor-widget-container\">\n\t\t\t\t\t<style>.elementor-element-e623607{display:none !important}<\/style>\t\t\t\t<\/div>\n\t\t\t\t<\/div>\n\t\t\t\t<div class=\"elementor-element elementor-element-ed64bee elementor-widget elementor-widget-button\" data-id=\"ed64bee\" data-element_type=\"widget\" data-e-type=\"widget\" data-widget_type=\"button.default\">\n\t\t\t\t<div class=\"elementor-widget-container\">\n\t\t\t\t\t\t\t\t\t<div class=\"elementor-button-wrapper\">\n\t\t\t\t\t<a class=\"elementor-button elementor-button-link elementor-size-sm elementor-animation-grow\" href=\"https:\/\/thelionelectric.com\/wp-content\/uploads\/2025\/11\/FO-0024-Liste-composants-majeurs-20240729-4.pdf\">\n\t\t\t\t\t\t<span class=\"elementor-button-content-wrapper\">\n\t\t\t\t\t\t\t\t\t<span class=\"elementor-button-text\">T\u00e9l\u00e9chargez notre liste des composants majeurs<\/span>\n\t\t\t\t\t<\/span>\n\t\t\t\t\t<\/a>\n\t\t\t\t<\/div>\n\t\t\t\t\t\t\t\t<\/div>\n\t\t\t\t<\/div>\n\t\t\t\t<div class=\"elementor-element elementor-element-c4d9dc7 elementor-widget elementor-widget-button\" data-id=\"c4d9dc7\" data-element_type=\"widget\" data-e-type=\"widget\" data-widget_type=\"button.default\">\n\t\t\t\t<div class=\"elementor-widget-container\">\n\t\t\t\t\t\t\t\t\t<div class=\"elementor-button-wrapper\">\n\t\t\t\t\t<a class=\"elementor-button elementor-button-link elementor-size-sm elementor-animation-grow\" href=\"https:\/\/thelionelectric.com\/wp-content\/uploads\/2025\/11\/LionBus_SRT_full.pdf\">\n\t\t\t\t\t\t<span class=\"elementor-button-content-wrapper\">\n\t\t\t\t\t\t\t\t\t<span class=\"elementor-button-text\">Temps de R\u00e9paration Standard (SRT)<\/span>\n\t\t\t\t\t<\/span>\n\t\t\t\t\t<\/a>\n\t\t\t\t<\/div>\n\t\t\t\t\t\t\t\t<\/div>\n\t\t\t\t<\/div>\n\t\t\t\t<\/div>\n\t\t\t\t<\/div>\n\t\t\t\t<\/div>\n\t\t<div class=\"elementor-element elementor-element-b9df608 e-con-full e-flex e-con e-parent\" data-id=\"b9df608\" data-element_type=\"container\" data-e-type=\"container\" data-settings=\"{&quot;background_background&quot;:&quot;classic&quot;}\">\n\t\t\t\t<\/div>\n\t\t<div class=\"elementor-element elementor-element-b051d6c e-con-full e-flex e-con e-parent\" data-id=\"b051d6c\" data-element_type=\"container\" data-e-type=\"container\" id=\"lionassistance form\" data-settings=\"{&quot;background_background&quot;:&quot;classic&quot;}\">\n\t\t\t\t<div class=\"elementor-element elementor-element-8086c0d elementor-widget elementor-widget-text-editor\" data-id=\"8086c0d\" data-element_type=\"widget\" data-e-type=\"widget\" data-widget_type=\"text-editor.default\">\n\t\t\t\t<div class=\"elementor-widget-container\">\n\t\t\t\t\t\t\t\t\t<p>Contactez l&#8217;\u00e9quipe LION<span style=\"color: #4164ff;\">Assistance<\/span>.<\/p>\t\t\t\t\t\t\t\t<\/div>\n\t\t\t\t<\/div>\n\t\t\t\t<div class=\"elementor-element elementor-element-fb3dd73 elementor-widget elementor-widget-text-editor\" data-id=\"fb3dd73\" data-element_type=\"widget\" data-e-type=\"widget\" data-widget_type=\"text-editor.default\">\n\t\t\t\t<div class=\"elementor-widget-container\">\n\t\t\t\t\t<style>.elementor-element-fb3dd73{display:none !important}<\/style>\t\t\t\t<\/div>\n\t\t\t\t<\/div>\n\t\t\t\t<\/div>\n\t\t<div class=\"elementor-element elementor-element-3ce2fb4 e-con-full e-flex e-con e-parent\" data-id=\"3ce2fb4\" data-element_type=\"container\" data-e-type=\"container\">\n\t\t\t\t<div class=\"elementor-element elementor-element-ec7ce88 elementor-button-align-center elementor-widget__width-inherit elementor-widget elementor-widget-form\" data-id=\"ec7ce88\" data-element_type=\"widget\" data-e-type=\"widget\" data-settings=\"{&quot;step_next_label&quot;:&quot;Next&quot;,&quot;step_previous_label&quot;:&quot;Previous&quot;,&quot;button_width&quot;:&quot;100&quot;,&quot;step_type&quot;:&quot;number_text&quot;,&quot;step_icon_shape&quot;:&quot;circle&quot;}\" data-widget_type=\"form.default\">\n\t\t\t\t<div class=\"elementor-widget-container\">\n\t\t\t\t\t\t\t<form class=\"elementor-form\" method=\"post\" name=\"LionAssistance ENG\" aria-label=\"LionAssistance ENG\">\n\t\t\t<input type=\"hidden\" name=\"post_id\" value=\"4201\"\/>\n\t\t\t<input type=\"hidden\" name=\"form_id\" value=\"ec7ce88\"\/>\n\t\t\t<input type=\"hidden\" name=\"referer_title\" value=\"Maintenance &amp; Warranty - Lion Electric\" \/>\n\n\t\t\t\t\t\t\t<input type=\"hidden\" name=\"queried_id\" value=\"4201\"\/>\n\t\t\t\n\t\t\t<div class=\"elementor-form-fields-wrapper elementor-labels-above\">\n\t\t\t\t\t\t\t\t<div class=\"elementor-field-type-text elementor-field-group elementor-column elementor-field-group-FirstName elementor-col-100 elementor-field-required elementor-mark-required\">\n\t\t\t\t\t\t\t\t\t\t\t\t<label for=\"form-field-FirstName\" class=\"elementor-field-label\">\n\t\t\t\t\t\t\t\tFirst Name\t\t\t\t\t\t\t<\/label>\n\t\t\t\t\t\t\t\t\t\t\t\t\t\t<input size=\"1\" type=\"text\" name=\"form_fields[FirstName]\" id=\"form-field-FirstName\" class=\"elementor-field elementor-size-sm  elementor-field-textual\" placeholder=\"Type your first name\" required=\"required\">\n\t\t\t\t\t\t\t\t\t\t\t<\/div>\n\t\t\t\t\t\t\t\t<div class=\"elementor-field-type-text elementor-field-group elementor-column elementor-field-group-LastName elementor-col-100 elementor-field-required elementor-mark-required\">\n\t\t\t\t\t\t\t\t\t\t\t\t<label for=\"form-field-LastName\" class=\"elementor-field-label\">\n\t\t\t\t\t\t\t\tLast Name\t\t\t\t\t\t\t<\/label>\n\t\t\t\t\t\t\t\t\t\t\t\t\t\t<input size=\"1\" type=\"text\" name=\"form_fields[LastName]\" id=\"form-field-LastName\" class=\"elementor-field elementor-size-sm  elementor-field-textual\" placeholder=\"Type your last name\" required=\"required\">\n\t\t\t\t\t\t\t\t\t\t\t<\/div>\n\t\t\t\t\t\t\t\t<div class=\"elementor-field-type-email elementor-field-group elementor-column elementor-field-group-Email elementor-col-100 elementor-field-required elementor-mark-required\">\n\t\t\t\t\t\t\t\t\t\t\t\t<label for=\"form-field-Email\" class=\"elementor-field-label\">\n\t\t\t\t\t\t\t\tEmail\t\t\t\t\t\t\t<\/label>\n\t\t\t\t\t\t\t\t\t\t\t\t\t\t<input size=\"1\" type=\"email\" name=\"form_fields[Email]\" id=\"form-field-Email\" class=\"elementor-field elementor-size-sm  elementor-field-textual\" placeholder=\"Enter your email address\" required=\"required\">\n\t\t\t\t\t\t\t\t\t\t\t<\/div>\n\t\t\t\t\t\t\t\t<div class=\"elementor-field-type-tel elementor-field-group elementor-column elementor-field-group-Phone elementor-col-100 elementor-field-required elementor-mark-required\">\n\t\t\t\t\t\t\t\t\t\t\t\t<label for=\"form-field-Phone\" class=\"elementor-field-label\">\n\t\t\t\t\t\t\t\tPhone Number\t\t\t\t\t\t\t<\/label>\n\t\t\t\t\t\t\t\t<input size=\"1\" type=\"tel\" name=\"form_fields[Phone]\" id=\"form-field-Phone\" class=\"elementor-field elementor-size-sm  elementor-field-textual\" placeholder=\"Enter your phone number\" required=\"required\" pattern=\"[0-9()#&amp;+*-=.]+\" title=\"Seuls les chiffres et les caract\u00e8res t\u00e9l\u00e9phoniques (#, -, *, etc.) sont accept\u00e9s.\">\n\n\t\t\t\t\t\t<\/div>\n\t\t\t\t\t\t\t\t<div class=\"elementor-field-type-text elementor-field-group elementor-column elementor-field-group-VIN elementor-col-100 elementor-field-required elementor-mark-required\">\n\t\t\t\t\t\t\t\t\t\t\t\t<label for=\"form-field-VIN\" class=\"elementor-field-label\">\n\t\t\t\t\t\t\t\tVehicle Identification Number (VIN)\t\t\t\t\t\t\t<\/label>\n\t\t\t\t\t\t\t\t\t\t\t\t\t\t<input size=\"1\" type=\"text\" name=\"form_fields[VIN]\" id=\"form-field-VIN\" class=\"elementor-field elementor-size-sm  elementor-field-textual\" placeholder=\"Enter the last 8 characters of the VIN\" required=\"required\">\n\t\t\t\t\t\t\t\t\t\t\t<\/div>\n\t\t\t\t\t\t\t\t<div class=\"elementor-field-type-number elementor-field-group elementor-column elementor-field-group-Mileage elementor-col-100 elementor-field-required elementor-mark-required\">\n\t\t\t\t\t\t\t\t\t\t\t\t<label for=\"form-field-Mileage\" class=\"elementor-field-label\">\n\t\t\t\t\t\t\t\tOdometer\t\t\t\t\t\t\t<\/label>\n\t\t\t\t\t\t\t\t\t<input type=\"number\" name=\"form_fields[Mileage]\" id=\"form-field-Mileage\" class=\"elementor-field elementor-size-sm  elementor-field-textual\" placeholder=\"Enter the vehicle&#039;s distance traveled\" required=\"required\" min=\"1\" max=\"10000000\" >\n\t\t\t\t\t\t<\/div>\n\t\t\t\t\t\t\t\t<div class=\"elementor-field-type-select elementor-field-group elementor-column elementor-field-group-OdometerUnit elementor-col-100 elementor-field-required elementor-mark-required\">\n\t\t\t\t\t\t\t\t\t\t\t\t<label for=\"form-field-OdometerUnit\" class=\"elementor-field-label\">\n\t\t\t\t\t\t\t\tIs your odometer in kilometers or miles?\t\t\t\t\t\t\t<\/label>\n\t\t\t\t\t\t\t\t<div class=\"elementor-field elementor-select-wrapper remove-before \">\n\t\t\t<div class=\"select-caret-down-wrapper\">\n\t\t\t\t<svg aria-hidden=\"true\" class=\"e-font-icon-svg e-eicon-caret-down\" viewBox=\"0 0 571.4 571.4\" xmlns=\"http:\/\/www.w3.org\/2000\/svg\"><path d=\"M571 393Q571 407 561 418L311 668Q300 679 286 679T261 668L11 418Q0 407 0 393T11 368 36 357H536Q550 357 561 368T571 393Z\"><\/path><\/svg>\t\t\t<\/div>\n\t\t\t<select name=\"form_fields[OdometerUnit]\" id=\"form-field-OdometerUnit\" class=\"elementor-field-textual elementor-size-sm\" required=\"required\">\n\t\t\t\t\t\t\t\t\t<option value=\"Kilometers\">Kilometers<\/option>\n\t\t\t\t\t\t\t\t\t<option value=\"Miles\">Miles<\/option>\n\t\t\t\t\t\t\t<\/select>\n\t\t<\/div>\n\t\t\t\t\t\t<\/div>\n\t\t\t\t\t\t\t\t<div class=\"elementor-field-type-select elementor-field-group elementor-column elementor-field-group-Territory elementor-col-100 elementor-field-required elementor-mark-required\">\n\t\t\t\t\t\t\t\t\t\t\t\t<label for=\"form-field-Territory\" class=\"elementor-field-label\">\n\t\t\t\t\t\t\t\tSelect Territory of Operation\t\t\t\t\t\t\t<\/label>\n\t\t\t\t\t\t\t\t<div class=\"elementor-field elementor-select-wrapper remove-before \">\n\t\t\t<div class=\"select-caret-down-wrapper\">\n\t\t\t\t<svg aria-hidden=\"true\" class=\"e-font-icon-svg e-eicon-caret-down\" viewBox=\"0 0 571.4 571.4\" xmlns=\"http:\/\/www.w3.org\/2000\/svg\"><path d=\"M571 393Q571 407 561 418L311 668Q300 679 286 679T261 668L11 418Q0 407 0 393T11 368 36 357H536Q550 357 561 368T571 393Z\"><\/path><\/svg>\t\t\t<\/div>\n\t\t\t<select name=\"form_fields[Territory]\" id=\"form-field-Territory\" class=\"elementor-field-textual elementor-size-sm\" required=\"required\">\n\t\t\t\t\t\t\t\t\t<option value=\"Moncton\/Maritimes\">Moncton\/Maritimes<\/option>\n\t\t\t\t\t\t\t\t\t<option value=\"Qu\u00e9bec\/Ontario\">Qu\u00e9bec\/Ontario<\/option>\n\t\t\t\t\t\t\t<\/select>\n\t\t<\/div>\n\t\t\t\t\t\t<\/div>\n\t\t\t\t\t\t\t\t<div class=\"elementor-field-type-text elementor-field-group elementor-column elementor-field-group-Subject elementor-col-100 elementor-field-required elementor-mark-required\">\n\t\t\t\t\t\t\t\t\t\t\t\t<label for=\"form-field-Subject\" class=\"elementor-field-label\">\n\t\t\t\t\t\t\t\tSubject\t\t\t\t\t\t\t<\/label>\n\t\t\t\t\t\t\t\t\t\t\t\t\t\t<input size=\"1\" type=\"text\" name=\"form_fields[Subject]\" id=\"form-field-Subject\" class=\"elementor-field elementor-size-sm  elementor-field-textual\" placeholder=\"Enter your request title\" required=\"required\">\n\t\t\t\t\t\t\t\t\t\t\t<\/div>\n\t\t\t\t\t\t\t\t<div class=\"elementor-field-type-textarea elementor-field-group elementor-column elementor-field-group-Description elementor-col-100\">\n\t\t\t\t\t\t\t\t\t\t\t\t<label for=\"form-field-Description\" class=\"elementor-field-label\">\n\t\t\t\t\t\t\t\tDescription\t\t\t\t\t\t\t<\/label>\n\t\t\t\t\t\t<textarea class=\"elementor-field-textual elementor-field  elementor-size-sm\" name=\"form_fields[Description]\" id=\"form-field-Description\" rows=\"4\" placeholder=\"Describe your issue...\"><\/textarea>\t\t\t\t<\/div>\n\t\t\t\t\t\t\t\t<div class=\"elementor-field-type-upload elementor-field-group elementor-column elementor-field-group-Files elementor-col-100\">\n\t\t\t\t\t\t\t\t\t\t\t\t<label for=\"form-field-Files\" class=\"elementor-field-label\">\n\t\t\t\t\t\t\t\tUpload Up To 8 Files Detailing Your Issue (max. file size 2MB.)\t\t\t\t\t\t\t<\/label>\n\t\t\t\t\t\t\t\t<input type=\"file\" name=\"form_fields[Files][]\" id=\"form-field-Files\" class=\"elementor-field elementor-size-sm  elementor-upload-field\" multiple=\"multiple\" data-maxsize=\"2\" data-maxsize-message=\"Ce fichier d\u00e9passe la taille maximale autoris\u00e9e.\">\n\n\t\t\t\t\t\t<\/div>\n\t\t\t\t\t\t\t\t<div class=\"elementor-field-type-recaptcha_v3 elementor-field-group elementor-column elementor-field-group-field_1b864fc elementor-col-100 recaptcha_v3-bottomright\">\n\t\t\t\t\t<div class=\"elementor-field\" id=\"form-field-field_1b864fc\"><div class=\"elementor-g-recaptcha\" data-sitekey=\"6Ldh1MgqAAAAAOL9ySdegzoGjha5T-D_ZmdKpPy8\" data-type=\"v3\" data-action=\"Form\" data-badge=\"bottomright\" data-size=\"invisible\"><\/div><\/div>\t\t\t\t<\/div>\n\t\t\t\t\t\t\t\t<div class=\"elementor-field-group elementor-column elementor-field-type-submit elementor-col-100 e-form__buttons\">\n\t\t\t\t\t<button class=\"elementor-button elementor-size-sm elementor-animation-grow\" type=\"submit\">\n\t\t\t\t\t\t<span class=\"elementor-button-content-wrapper\">\n\t\t\t\t\t\t\t\t\t\t\t\t\t\t\t\t\t\t\t\t\t\t<span class=\"elementor-button-text\">Submit your request<\/span>\n\t\t\t\t\t\t\t\t\t\t\t\t\t<\/span>\n\t\t\t\t\t<\/button>\n\t\t\t\t<\/div>\n\t\t\t<\/div>\n\t\t<\/form>\n\t\t\t\t\t\t<\/div>\n\t\t\t\t<\/div>\n\t\t\t\t<\/div>\n\t\t<div class=\"elementor-element elementor-element-08bd0f8 e-con-full e-flex e-con e-parent\" data-id=\"08bd0f8\" data-element_type=\"container\" data-e-type=\"container\" data-settings=\"{&quot;background_background&quot;:&quot;classic&quot;}\">\n\t\t\t\t<\/div>\n\t\t\t\t<\/div>\n\t\t","protected":false},"excerpt":{"rendered":"<p>Maintenance &amp; Warranty Maintenance\u00a0 Consult our maintenance manual File the Warranty Claim Form Warranty Claim Form T\u00e9l\u00e9chargez notre liste des composants majeurs Temps de R\u00e9paration Standard (SRT) Contactez l&#8217;\u00e9quipe LIONAssistance. Contact the LIONAssistance team.<\/p>","protected":false},"author":1,"featured_media":0,"parent":0,"menu_order":0,"comment_status":"closed","ping_status":"closed","template":"elementor_header_footer","meta":{"footnotes":""},"class_list":["post-4201","page","type-page","status-publish","hentry"],"yoast_head":"<!-- This site is optimized with the Yoast SEO plugin v27.5 - https:\/\/yoast.com\/product\/yoast-seo-wordpress\/ -->\n<title>Maintenance &amp; Warranty - Lion Electric<\/title>\n<meta name=\"robots\" content=\"index, follow, max-snippet:-1, max-image-preview:large, max-video-preview:-1\" \/>\n<link rel=\"canonical\" href=\"https:\/\/thelionelectric.com\/fr\/manuels-garantie\/\" \/>\n<meta property=\"og:locale\" content=\"fr_CA\" \/>\n<meta property=\"og:type\" content=\"article\" \/>\n<meta property=\"og:title\" content=\"Maintenance &amp; Warranty - Lion Electric\" \/>\n<meta property=\"og:description\" content=\"Maintenance &amp; Warranty Maintenance\u00a0 Consult our maintenance manual File the Warranty Claim Form Warranty Claim Form T\u00e9l\u00e9chargez notre liste des composants majeurs Temps de R\u00e9paration Standard (SRT) Contactez l&#8217;\u00e9quipe LIONAssistance. Contact the LIONAssistance team.\" \/>\n<meta property=\"og:url\" content=\"https:\/\/thelionelectric.com\/fr\/manuels-garantie\/\" \/>\n<meta property=\"og:site_name\" content=\"Lion Electric\" \/>\n<meta property=\"article:modified_time\" content=\"2025-12-18T16:36:39+00:00\" \/>\n<meta name=\"twitter:card\" content=\"summary_large_image\" \/>\n<meta name=\"twitter:label1\" content=\"Estimation du temps de lecture\" \/>\n\t<meta name=\"twitter:data1\" content=\"1 minute\" \/>\n<script type=\"application\/ld+json\" class=\"yoast-schema-graph\">{\"@context\":\"https:\\\/\\\/schema.org\",\"@graph\":[{\"@type\":\"WebPage\",\"@id\":\"https:\\\/\\\/thelionelectric.com\\\/manuels-garantie\\\/\",\"url\":\"https:\\\/\\\/thelionelectric.com\\\/manuels-garantie\\\/\",\"name\":\"Maintenance & Warranty - Lion Electric\",\"isPartOf\":{\"@id\":\"https:\\\/\\\/thelionelectric.com\\\/#website\"},\"datePublished\":\"2025-12-18T16:13:19+00:00\",\"dateModified\":\"2025-12-18T16:36:39+00:00\",\"breadcrumb\":{\"@id\":\"https:\\\/\\\/thelionelectric.com\\\/manuels-garantie\\\/#breadcrumb\"},\"inLanguage\":\"fr-CA\",\"potentialAction\":[{\"@type\":\"ReadAction\",\"target\":[\"https:\\\/\\\/thelionelectric.com\\\/manuels-garantie\\\/\"]}]},{\"@type\":\"BreadcrumbList\",\"@id\":\"https:\\\/\\\/thelionelectric.com\\\/manuels-garantie\\\/#breadcrumb\",\"itemListElement\":[{\"@type\":\"ListItem\",\"position\":1,\"name\":\"Home\",\"item\":\"https:\\\/\\\/thelionelectric.com\\\/\"},{\"@type\":\"ListItem\",\"position\":2,\"name\":\"Maintenance &#038; Warranty\"}]},{\"@type\":\"WebSite\",\"@id\":\"https:\\\/\\\/thelionelectric.com\\\/#website\",\"url\":\"https:\\\/\\\/thelionelectric.com\\\/\",\"name\":\"Lion Electric\",\"description\":\"The Bright Move\",\"publisher\":{\"@id\":\"https:\\\/\\\/thelionelectric.com\\\/#organization\"},\"potentialAction\":[{\"@type\":\"SearchAction\",\"target\":{\"@type\":\"EntryPoint\",\"urlTemplate\":\"https:\\\/\\\/thelionelectric.com\\\/?s={search_term_string}\"},\"query-input\":{\"@type\":\"PropertyValueSpecification\",\"valueRequired\":true,\"valueName\":\"search_term_string\"}}],\"inLanguage\":\"fr-CA\"},{\"@type\":\"Organization\",\"@id\":\"https:\\\/\\\/thelionelectric.com\\\/#organization\",\"name\":\"Lion Electric\",\"url\":\"https:\\\/\\\/thelionelectric.com\\\/\",\"logo\":{\"@type\":\"ImageObject\",\"inLanguage\":\"fr-CA\",\"@id\":\"https:\\\/\\\/thelionelectric.com\\\/#\\\/schema\\\/logo\\\/image\\\/\",\"url\":\"https:\\\/\\\/thelionelectric.com\\\/wp-content\\\/uploads\\\/2025\\\/07\\\/LION_New_Logo_Horizontal-scaled.png\",\"contentUrl\":\"https:\\\/\\\/thelionelectric.com\\\/wp-content\\\/uploads\\\/2025\\\/07\\\/LION_New_Logo_Horizontal-scaled.png\",\"width\":2560,\"height\":1458,\"caption\":\"Lion Electric\"},\"image\":{\"@id\":\"https:\\\/\\\/thelionelectric.com\\\/#\\\/schema\\\/logo\\\/image\\\/\"}}]}<\/script>\n<!-- \/ Yoast SEO plugin. -->","yoast_head_json":{"title":"Maintenance & Warranty - Lion Electric","robots":{"index":"index","follow":"follow","max-snippet":"max-snippet:-1","max-image-preview":"max-image-preview:large","max-video-preview":"max-video-preview:-1"},"canonical":"https:\/\/thelionelectric.com\/fr\/manuels-garantie\/","og_locale":"fr_CA","og_type":"article","og_title":"Maintenance & Warranty - Lion Electric","og_description":"Maintenance &amp; Warranty Maintenance\u00a0 Consult our maintenance manual File the Warranty Claim Form Warranty Claim Form T\u00e9l\u00e9chargez notre liste des composants majeurs Temps de R\u00e9paration Standard (SRT) Contactez l&#8217;\u00e9quipe LIONAssistance. Contact the LIONAssistance team.","og_url":"https:\/\/thelionelectric.com\/fr\/manuels-garantie\/","og_site_name":"Lion Electric","article_modified_time":"2025-12-18T16:36:39+00:00","twitter_card":"summary_large_image","twitter_misc":{"Estimation du temps de lecture":"1 minute"},"schema":{"@context":"https:\/\/schema.org","@graph":[{"@type":"WebPage","@id":"https:\/\/thelionelectric.com\/manuels-garantie\/","url":"https:\/\/thelionelectric.com\/manuels-garantie\/","name":"Maintenance & Warranty - Lion Electric","isPartOf":{"@id":"https:\/\/thelionelectric.com\/#website"},"datePublished":"2025-12-18T16:13:19+00:00","dateModified":"2025-12-18T16:36:39+00:00","breadcrumb":{"@id":"https:\/\/thelionelectric.com\/manuels-garantie\/#breadcrumb"},"inLanguage":"fr-CA","potentialAction":[{"@type":"ReadAction","target":["https:\/\/thelionelectric.com\/manuels-garantie\/"]}]},{"@type":"BreadcrumbList","@id":"https:\/\/thelionelectric.com\/manuels-garantie\/#breadcrumb","itemListElement":[{"@type":"ListItem","position":1,"name":"Home","item":"https:\/\/thelionelectric.com\/"},{"@type":"ListItem","position":2,"name":"Maintenance &#038; Warranty"}]},{"@type":"WebSite","@id":"https:\/\/thelionelectric.com\/#website","url":"https:\/\/thelionelectric.com\/","name":"Lion \u00c9lectrique","description":"The Bright Move","publisher":{"@id":"https:\/\/thelionelectric.com\/#organization"},"potentialAction":[{"@type":"SearchAction","target":{"@type":"EntryPoint","urlTemplate":"https:\/\/thelionelectric.com\/?s={search_term_string}"},"query-input":{"@type":"PropertyValueSpecification","valueRequired":true,"valueName":"search_term_string"}}],"inLanguage":"fr-CA"},{"@type":"Organization","@id":"https:\/\/thelionelectric.com\/#organization","name":"Lion \u00c9lectrique","url":"https:\/\/thelionelectric.com\/","logo":{"@type":"ImageObject","inLanguage":"fr-CA","@id":"https:\/\/thelionelectric.com\/#\/schema\/logo\/image\/","url":"https:\/\/thelionelectric.com\/wp-content\/uploads\/2025\/07\/LION_New_Logo_Horizontal-scaled.png","contentUrl":"https:\/\/thelionelectric.com\/wp-content\/uploads\/2025\/07\/LION_New_Logo_Horizontal-scaled.png","width":2560,"height":1458,"caption":"Lion Electric"},"image":{"@id":"https:\/\/thelionelectric.com\/#\/schema\/logo\/image\/"}}]}},"_links":{"self":[{"href":"https:\/\/thelionelectric.com\/fr\/wp-json\/wp\/v2\/pages\/4201","targetHints":{"allow":["GET"]}}],"collection":[{"href":"https:\/\/thelionelectric.com\/fr\/wp-json\/wp\/v2\/pages"}],"about":[{"href":"https:\/\/thelionelectric.com\/fr\/wp-json\/wp\/v2\/types\/page"}],"author":[{"embeddable":true,"href":"https:\/\/thelionelectric.com\/fr\/wp-json\/wp\/v2\/users\/1"}],"replies":[{"embeddable":true,"href":"https:\/\/thelionelectric.com\/fr\/wp-json\/wp\/v2\/comments?post=4201"}],"version-history":[{"count":14,"href":"https:\/\/thelionelectric.com\/fr\/wp-json\/wp\/v2\/pages\/4201\/revisions"}],"predecessor-version":[{"id":4227,"href":"https:\/\/thelionelectric.com\/fr\/wp-json\/wp\/v2\/pages\/4201\/revisions\/4227"}],"wp:attachment":[{"href":"https:\/\/thelionelectric.com\/fr\/wp-json\/wp\/v2\/media?parent=4201"}],"curies":[{"name":"wp","href":"https:\/\/api.w.org\/{rel}","templated":true}]}}