{"id":4417,"date":"2026-03-17T12:20:24","date_gmt":"2026-03-17T17:20:24","guid":{"rendered":"https:\/\/thelionelectric.com\/?page_id=4417"},"modified":"2026-03-26T12:26:24","modified_gmt":"2026-03-26T17:26:24","slug":"netiquette","status":"publish","type":"page","link":"https:\/\/thelionelectric.com\/fr\/netiquette\/","title":{"rendered":"N\u00e9tiquette"},"content":{"rendered":"<div data-elementor-type=\"wp-page\" data-elementor-id=\"4417\" class=\"elementor elementor-4417\" data-elementor-post-type=\"page\">\n\t\t\t\t<div class=\"elementor-element elementor-element-a2c1c6b e-flex e-con-boxed e-con e-parent\" data-id=\"a2c1c6b\" data-element_type=\"container\" data-e-type=\"container\">\n\t\t\t\t\t<div class=\"e-con-inner\">\n\t\t\t\t<div class=\"elementor-element elementor-element-b03b4c6 elementor-widget elementor-widget-image\" data-id=\"b03b4c6\" data-element_type=\"widget\" data-e-type=\"widget\" data-widget_type=\"image.default\">\n\t\t\t\t<div class=\"elementor-widget-container\">\n\t\t\t\t\t\t\t\t\t\t\t\t\t\t\t<img fetchpriority=\"high\" decoding=\"async\" width=\"768\" height=\"512\" src=\"https:\/\/thelionelectric.com\/wp-content\/uploads\/2024\/11\/2018-05-01_ACT_pressrelease-768x512.jpg\" class=\"attachment-medium_large size-medium_large wp-image-981\" alt=\"\" srcset=\"https:\/\/thelionelectric.com\/wp-content\/uploads\/2024\/11\/2018-05-01_ACT_pressrelease-768x512.jpg 768w, https:\/\/thelionelectric.com\/wp-content\/uploads\/2024\/11\/2018-05-01_ACT_pressrelease-300x200.jpg 300w, https:\/\/thelionelectric.com\/wp-content\/uploads\/2024\/11\/2018-05-01_ACT_pressrelease-1024x683.jpg 1024w, https:\/\/thelionelectric.com\/wp-content\/uploads\/2024\/11\/2018-05-01_ACT_pressrelease-1536x1024.jpg 1536w, https:\/\/thelionelectric.com\/wp-content\/uploads\/2024\/11\/2018-05-01_ACT_pressrelease-2048x1365.jpg 2048w, https:\/\/thelionelectric.com\/wp-content\/uploads\/2024\/11\/2018-05-01_ACT_pressrelease-18x12.jpg 18w\" sizes=\"(max-width: 768px) 100vw, 768px\" \/>\t\t\t\t\t\t\t\t\t\t\t\t\t\t\t<\/div>\n\t\t\t\t<\/div>\n\t\t\t\t<div class=\"elementor-element elementor-element-bf52333 elementor-widget elementor-widget-heading\" data-id=\"bf52333\" data-element_type=\"widget\" data-e-type=\"widget\" data-no-translation=\"\" data-widget_type=\"heading.default\">\n\t\t\t\t<div class=\"elementor-widget-container\">\n\t\t\t\t\t<h2 class=\"elementor-heading-title elementor-size-default\">N\u00c9TIQUETTE<\/h2>\t\t\t\t<\/div>\n\t\t\t\t<\/div>\n\t\t\t\t<div class=\"elementor-element elementor-element-e2a4b1f elementor-widget elementor-widget-heading\" data-id=\"e2a4b1f\" data-element_type=\"widget\" data-e-type=\"widget\" data-no-translation=\"\" data-widget_type=\"heading.default\">\n\t\t\t\t<div class=\"elementor-widget-container\">\n\t\t\t\t\t<style>.elementor-element-e2a4b1f{display:none !important}<\/style>\t\t\t\t<\/div>\n\t\t\t\t<\/div>\n\t\t\t\t\t<\/div>\n\t\t\t\t<\/div>\n\t\t<div class=\"elementor-element elementor-element-afe4bc7 e-flex e-con-boxed e-con e-parent\" data-id=\"afe4bc7\" data-element_type=\"container\" data-e-type=\"container\" data-no-translation=\"\">\n\t\t\t\t\t<div class=\"e-con-inner\">\n\t\t\t\t<div class=\"elementor-element elementor-element-95e0e04 elementor-widget elementor-widget-text-editor\" data-id=\"95e0e04\" data-element_type=\"widget\" data-e-type=\"widget\" data-widget_type=\"text-editor.default\">\n\t\t\t\t<div class=\"elementor-widget-container\">\n\t\t\t\t\t\t\t\t\t<p><b>R\u00e8gles de conduite<\/b><\/p><p>Les comportements et contenus suivants ne seront pas tol\u00e9r\u00e9s :<\/p><ul><li>propos haineux, discriminatoires, diffamatoires, obsc\u00e8nes, violents, mena\u00e7ants ou incitant \u00e0 la haine;<\/li><li>harc\u00e8lement, intimidation ou attaque personnelle envers d\u2019autres membres de la communaut\u00e9;<\/li><li>usurpation d\u2019identit\u00e9, incluant le fait de se faire passer pour LION, un membre de son \u00e9quipe ou un autre utilisateur;<\/li><li>contenu sans lien avec les activit\u00e9s ou les sujets abord\u00e9s par LION;<\/li><li>publication r\u00e9p\u00e9t\u00e9e d\u2019un m\u00eame message (pollupostage ou spam) ou messages \u00e0 caract\u00e8re commercial ou promotionnel;<\/li><li>utilisation abusive de majuscules ou de langage grossier.<\/li><\/ul><p><b>Confidentialit\u00e9 et renseignements personnels<\/b><\/p><p>Pour prot\u00e9ger la s\u00e9curit\u00e9 et la vie priv\u00e9e de tous, il est interdit de publier des renseignements personnels (comme une adresse, un num\u00e9ro de t\u00e9l\u00e9phone ou une adresse courriel) ou des informations confidentielles li\u00e9es \u00e0 LION ou \u00e0 ses partenaires.<\/p><p><b>Authenticit\u00e9 du contenu<\/b><\/p><p>Les utilisateurs de nos plateformes doivent s\u2019assurer que le contenu qu\u2019ils partagent est exact, authentique et qu\u2019il ne viole aucun droit de propri\u00e9t\u00e9 intellectuelle, de confidentialit\u00e9 ou autre droit d\u2019un tiers.<\/p><p>En publiant sur les plateformes de LION, les utilisateurs consentent \u00e0 ce que LION puisse les citer, partager ou republier leur contenu dans le respect du contexte d\u2019origine.<\/p><p><b>Mod\u00e9ration<\/b><\/p><p>Les plateformes de LION sont mod\u00e9r\u00e9es par son \u00e9quipe de gestion de communaut\u00e9 durant nos heures ouvrables. Les \u00e9changes sont mod\u00e9r\u00e9s de mani\u00e8re \u00e9quitable et respectueuse, afin de pr\u00e9server un climat sain et inclusif.<\/p>\t\t\t\t\t\t\t\t<\/div>\n\t\t\t\t<\/div>\n\t\t\t\t\t<\/div>\n\t\t\t\t<\/div>\n\t\t<div class=\"elementor-element elementor-element-17c2d75 e-flex e-con-boxed e-con e-parent\" data-id=\"17c2d75\" data-element_type=\"container\" data-e-type=\"container\">\n\t\t\t\t\t<div class=\"e-con-inner\">\n\t\t\t\t<div class=\"elementor-element elementor-element-c5951c8 elementor-widget elementor-widget-text-editor\" data-id=\"c5951c8\" data-element_type=\"widget\" data-e-type=\"widget\" data-no-translation=\"\" data-widget_type=\"text-editor.default\">\n\t\t\t\t<div class=\"elementor-widget-container\">\n\t\t\t\t\t<style>.elementor-element-c5951c8{display:none !important}<\/style>\t\t\t\t<\/div>\n\t\t\t\t<\/div>\n\t\t\t\t\t<\/div>\n\t\t\t\t<\/div>\n\t\t\t\t<\/div>","protected":false},"excerpt":{"rendered":"<p>N\u00c9TIQUETTE R\u00e8gles de conduite Les comportements et contenus suivants ne seront pas tol\u00e9r\u00e9s : propos haineux, discriminatoires, diffamatoires, obsc\u00e8nes, violents, mena\u00e7ants ou incitant \u00e0 la haine; harc\u00e8lement, intimidation ou attaque personnelle envers d\u2019autres membres de la communaut\u00e9; usurpation d\u2019identit\u00e9, incluant le fait de se faire passer pour LION, un membre de son \u00e9quipe ou un [&hellip;]<\/p>\n","protected":false},"author":1,"featured_media":0,"parent":0,"menu_order":0,"comment_status":"closed","ping_status":"closed","template":"elementor_header_footer","meta":{"footnotes":""},"class_list":["post-4417","page","type-page","status-publish","hentry"],"yoast_head":"<!-- This site is optimized with the Yoast SEO plugin v27.5 - https:\/\/yoast.com\/product\/yoast-seo-wordpress\/ -->\n<title>Community guidelines - Lion Electric<\/title>\n<meta name=\"robots\" content=\"index, follow, max-snippet:-1, max-image-preview:large, max-video-preview:-1\" \/>\n<link rel=\"canonical\" href=\"https:\/\/thelionelectric.com\/fr\/netiquette\/\" \/>\n<meta property=\"og:locale\" content=\"fr_CA\" \/>\n<meta property=\"og:type\" content=\"article\" \/>\n<meta property=\"og:title\" content=\"Community guidelines - Lion Electric\" \/>\n<meta property=\"og:description\" content=\"N\u00c9TIQUETTE R\u00e8gles de conduite Les comportements et contenus suivants ne seront pas tol\u00e9r\u00e9s : propos haineux, discriminatoires, diffamatoires, obsc\u00e8nes, violents, mena\u00e7ants ou incitant \u00e0 la haine; harc\u00e8lement, intimidation ou attaque personnelle envers d\u2019autres membres de la communaut\u00e9; usurpation d\u2019identit\u00e9, incluant le fait de se faire passer pour LION, un membre de son \u00e9quipe ou un [&hellip;]\" \/>\n<meta property=\"og:url\" content=\"https:\/\/thelionelectric.com\/fr\/netiquette\/\" \/>\n<meta property=\"og:site_name\" content=\"Lion Electric\" \/>\n<meta property=\"article:modified_time\" content=\"2026-03-26T17:26:24+00:00\" \/>\n<meta property=\"og:image\" content=\"https:\/\/thelionelectric.com\/wp-content\/uploads\/2024\/11\/2018-05-01_ACT_pressrelease-scaled.jpg\" \/>\n\t<meta property=\"og:image:width\" content=\"2560\" \/>\n\t<meta property=\"og:image:height\" content=\"1707\" \/>\n\t<meta property=\"og:image:type\" content=\"image\/jpeg\" \/>\n<meta name=\"twitter:card\" content=\"summary_large_image\" \/>\n<meta name=\"twitter:label1\" content=\"Estimation du temps de lecture\" \/>\n\t<meta name=\"twitter:data1\" content=\"3 minutes\" \/>\n<script type=\"application\/ld+json\" class=\"yoast-schema-graph\">{\"@context\":\"https:\\\/\\\/schema.org\",\"@graph\":[{\"@type\":\"WebPage\",\"@id\":\"https:\\\/\\\/thelionelectric.com\\\/netiquette\\\/\",\"url\":\"https:\\\/\\\/thelionelectric.com\\\/netiquette\\\/\",\"name\":\"Community guidelines - Lion Electric\",\"isPartOf\":{\"@id\":\"https:\\\/\\\/thelionelectric.com\\\/#website\"},\"primaryImageOfPage\":{\"@id\":\"https:\\\/\\\/thelionelectric.com\\\/netiquette\\\/#primaryimage\"},\"image\":{\"@id\":\"https:\\\/\\\/thelionelectric.com\\\/netiquette\\\/#primaryimage\"},\"thumbnailUrl\":\"https:\\\/\\\/thelionelectric.com\\\/wp-content\\\/uploads\\\/2024\\\/11\\\/2018-05-01_ACT_pressrelease-768x512.jpg\",\"datePublished\":\"2026-03-17T17:20:24+00:00\",\"dateModified\":\"2026-03-26T17:26:24+00:00\",\"breadcrumb\":{\"@id\":\"https:\\\/\\\/thelionelectric.com\\\/netiquette\\\/#breadcrumb\"},\"inLanguage\":\"fr-CA\",\"potentialAction\":[{\"@type\":\"ReadAction\",\"target\":[\"https:\\\/\\\/thelionelectric.com\\\/netiquette\\\/\"]}]},{\"@type\":\"ImageObject\",\"inLanguage\":\"fr-CA\",\"@id\":\"https:\\\/\\\/thelionelectric.com\\\/netiquette\\\/#primaryimage\",\"url\":\"https:\\\/\\\/thelionelectric.com\\\/wp-content\\\/uploads\\\/2024\\\/11\\\/2018-05-01_ACT_pressrelease-768x512.jpg\",\"contentUrl\":\"https:\\\/\\\/thelionelectric.com\\\/wp-content\\\/uploads\\\/2024\\\/11\\\/2018-05-01_ACT_pressrelease-768x512.jpg\"},{\"@type\":\"BreadcrumbList\",\"@id\":\"https:\\\/\\\/thelionelectric.com\\\/netiquette\\\/#breadcrumb\",\"itemListElement\":[{\"@type\":\"ListItem\",\"position\":1,\"name\":\"Home\",\"item\":\"https:\\\/\\\/thelionelectric.com\\\/\"},{\"@type\":\"ListItem\",\"position\":2,\"name\":\"Community guidelines\"}]},{\"@type\":\"WebSite\",\"@id\":\"https:\\\/\\\/thelionelectric.com\\\/#website\",\"url\":\"https:\\\/\\\/thelionelectric.com\\\/\",\"name\":\"Lion Electric\",\"description\":\"The Bright Move\",\"publisher\":{\"@id\":\"https:\\\/\\\/thelionelectric.com\\\/#organization\"},\"potentialAction\":[{\"@type\":\"SearchAction\",\"target\":{\"@type\":\"EntryPoint\",\"urlTemplate\":\"https:\\\/\\\/thelionelectric.com\\\/?s={search_term_string}\"},\"query-input\":{\"@type\":\"PropertyValueSpecification\",\"valueRequired\":true,\"valueName\":\"search_term_string\"}}],\"inLanguage\":\"fr-CA\"},{\"@type\":\"Organization\",\"@id\":\"https:\\\/\\\/thelionelectric.com\\\/#organization\",\"name\":\"Lion Electric\",\"url\":\"https:\\\/\\\/thelionelectric.com\\\/\",\"logo\":{\"@type\":\"ImageObject\",\"inLanguage\":\"fr-CA\",\"@id\":\"https:\\\/\\\/thelionelectric.com\\\/#\\\/schema\\\/logo\\\/image\\\/\",\"url\":\"https:\\\/\\\/thelionelectric.com\\\/wp-content\\\/uploads\\\/2025\\\/07\\\/LION_New_Logo_Horizontal-scaled.png\",\"contentUrl\":\"https:\\\/\\\/thelionelectric.com\\\/wp-content\\\/uploads\\\/2025\\\/07\\\/LION_New_Logo_Horizontal-scaled.png\",\"width\":2560,\"height\":1458,\"caption\":\"Lion Electric\"},\"image\":{\"@id\":\"https:\\\/\\\/thelionelectric.com\\\/#\\\/schema\\\/logo\\\/image\\\/\"}}]}<\/script>\n<!-- \/ Yoast SEO plugin. -->","yoast_head_json":{"title":"Community guidelines - Lion Electric","robots":{"index":"index","follow":"follow","max-snippet":"max-snippet:-1","max-image-preview":"max-image-preview:large","max-video-preview":"max-video-preview:-1"},"canonical":"https:\/\/thelionelectric.com\/fr\/netiquette\/","og_locale":"fr_CA","og_type":"article","og_title":"Community guidelines - Lion Electric","og_description":"N\u00c9TIQUETTE R\u00e8gles de conduite Les comportements et contenus suivants ne seront pas tol\u00e9r\u00e9s : propos haineux, discriminatoires, diffamatoires, obsc\u00e8nes, violents, mena\u00e7ants ou incitant \u00e0 la haine; harc\u00e8lement, intimidation ou attaque personnelle envers d\u2019autres membres de la communaut\u00e9; usurpation d\u2019identit\u00e9, incluant le fait de se faire passer pour LION, un membre de son \u00e9quipe ou un [&hellip;]","og_url":"https:\/\/thelionelectric.com\/fr\/netiquette\/","og_site_name":"Lion Electric","article_modified_time":"2026-03-26T17:26:24+00:00","og_image":[{"width":2560,"height":1707,"url":"https:\/\/thelionelectric.com\/wp-content\/uploads\/2024\/11\/2018-05-01_ACT_pressrelease-scaled.jpg","type":"image\/jpeg"}],"twitter_card":"summary_large_image","twitter_misc":{"Estimation du temps de lecture":"3 minutes"},"schema":{"@context":"https:\/\/schema.org","@graph":[{"@type":"WebPage","@id":"https:\/\/thelionelectric.com\/netiquette\/","url":"https:\/\/thelionelectric.com\/netiquette\/","name":"Community guidelines - Lion Electric","isPartOf":{"@id":"https:\/\/thelionelectric.com\/#website"},"primaryImageOfPage":{"@id":"https:\/\/thelionelectric.com\/netiquette\/#primaryimage"},"image":{"@id":"https:\/\/thelionelectric.com\/netiquette\/#primaryimage"},"thumbnailUrl":"https:\/\/thelionelectric.com\/wp-content\/uploads\/2024\/11\/2018-05-01_ACT_pressrelease-768x512.jpg","datePublished":"2026-03-17T17:20:24+00:00","dateModified":"2026-03-26T17:26:24+00:00","breadcrumb":{"@id":"https:\/\/thelionelectric.com\/netiquette\/#breadcrumb"},"inLanguage":"fr-CA","potentialAction":[{"@type":"ReadAction","target":["https:\/\/thelionelectric.com\/netiquette\/"]}]},{"@type":"ImageObject","inLanguage":"fr-CA","@id":"https:\/\/thelionelectric.com\/netiquette\/#primaryimage","url":"https:\/\/thelionelectric.com\/wp-content\/uploads\/2024\/11\/2018-05-01_ACT_pressrelease-768x512.jpg","contentUrl":"https:\/\/thelionelectric.com\/wp-content\/uploads\/2024\/11\/2018-05-01_ACT_pressrelease-768x512.jpg"},{"@type":"BreadcrumbList","@id":"https:\/\/thelionelectric.com\/netiquette\/#breadcrumb","itemListElement":[{"@type":"ListItem","position":1,"name":"Home","item":"https:\/\/thelionelectric.com\/"},{"@type":"ListItem","position":2,"name":"Community guidelines"}]},{"@type":"WebSite","@id":"https:\/\/thelionelectric.com\/#website","url":"https:\/\/thelionelectric.com\/","name":"Lion \u00c9lectrique","description":"The Bright Move","publisher":{"@id":"https:\/\/thelionelectric.com\/#organization"},"potentialAction":[{"@type":"SearchAction","target":{"@type":"EntryPoint","urlTemplate":"https:\/\/thelionelectric.com\/?s={search_term_string}"},"query-input":{"@type":"PropertyValueSpecification","valueRequired":true,"valueName":"search_term_string"}}],"inLanguage":"fr-CA"},{"@type":"Organization","@id":"https:\/\/thelionelectric.com\/#organization","name":"Lion \u00c9lectrique","url":"https:\/\/thelionelectric.com\/","logo":{"@type":"ImageObject","inLanguage":"fr-CA","@id":"https:\/\/thelionelectric.com\/#\/schema\/logo\/image\/","url":"https:\/\/thelionelectric.com\/wp-content\/uploads\/2025\/07\/LION_New_Logo_Horizontal-scaled.png","contentUrl":"https:\/\/thelionelectric.com\/wp-content\/uploads\/2025\/07\/LION_New_Logo_Horizontal-scaled.png","width":2560,"height":1458,"caption":"Lion Electric"},"image":{"@id":"https:\/\/thelionelectric.com\/#\/schema\/logo\/image\/"}}]}},"_links":{"self":[{"href":"https:\/\/thelionelectric.com\/fr\/wp-json\/wp\/v2\/pages\/4417","targetHints":{"allow":["GET"]}}],"collection":[{"href":"https:\/\/thelionelectric.com\/fr\/wp-json\/wp\/v2\/pages"}],"about":[{"href":"https:\/\/thelionelectric.com\/fr\/wp-json\/wp\/v2\/types\/page"}],"author":[{"embeddable":true,"href":"https:\/\/thelionelectric.com\/fr\/wp-json\/wp\/v2\/users\/1"}],"replies":[{"embeddable":true,"href":"https:\/\/thelionelectric.com\/fr\/wp-json\/wp\/v2\/comments?post=4417"}],"version-history":[{"count":17,"href":"https:\/\/thelionelectric.com\/fr\/wp-json\/wp\/v2\/pages\/4417\/revisions"}],"predecessor-version":[{"id":4499,"href":"https:\/\/thelionelectric.com\/fr\/wp-json\/wp\/v2\/pages\/4417\/revisions\/4499"}],"wp:attachment":[{"href":"https:\/\/thelionelectric.com\/fr\/wp-json\/wp\/v2\/media?parent=4417"}],"curies":[{"name":"wp","href":"https:\/\/api.w.org\/{rel}","templated":true}]}}